{"id":50,"date":"2023-02-05T09:46:22","date_gmt":"2023-02-05T08:46:22","guid":{"rendered":"http:\/\/bpnyklub.hu\/bpnyklub_wp\/sablon\/?page_id=50"},"modified":"2024-05-07T18:49:16","modified_gmt":"2024-05-07T16:49:16","slug":"a-tagozat-vezetosege","status":"publish","type":"page","link":"https:\/\/bpnyklub.hu\/bpnyklub_wp\/ejto\/a-tagozat-vezetosege\/","title":{"rendered":"A tagozat vezet\u0151s\u00e9ge"},"content":{"rendered":"\n<div class=\"wp-block-group alignwide\"><div class=\"wp-block-group__inner-container is-layout-constrained wp-block-group-is-layout-constrained\">\n<div class=\"wp-block-group alignwide\"><div class=\"wp-block-group__inner-container is-layout-constrained wp-block-group-is-layout-constrained\">\n<div class=\"wp-block-group alignwide\"><div class=\"wp-block-group__inner-container is-layout-constrained wp-block-group-is-layout-constrained\">\n<div class=\"wp-block-group alignwide\"><div class=\"wp-block-group__inner-container is-layout-constrained wp-block-group-is-layout-constrained\">\n<div class=\"wp-block-media-text alignwide is-stacked-on-mobile\" style=\"grid-template-columns:25% auto\"><figure class=\"wp-block-media-text__media\"><img loading=\"lazy\" decoding=\"async\" width=\"413\" height=\"551\" src=\"http:\/\/bpnyklub.hu\/bpnyklub_wp\/ejto\/wp-content\/uploads\/sites\/89\/2023\/05\/SIPOS-ISTVAN-DR-photo.jpg\" alt=\"\" class=\"wp-image-180 size-full\" srcset=\"https:\/\/bpnyklub.hu\/bpnyklub_wp\/ejto\/wp-content\/uploads\/sites\/89\/2023\/05\/SIPOS-ISTVAN-DR-photo.jpg 413w, https:\/\/bpnyklub.hu\/bpnyklub_wp\/ejto\/wp-content\/uploads\/sites\/89\/2023\/05\/SIPOS-ISTVAN-DR-photo-225x300.jpg 225w\" sizes=\"auto, (max-width: 413px) 100vw, 413px\" \/><\/figure><div class=\"wp-block-media-text__content\">\n<h2 class=\"wp-block-heading has-vivid-cyan-blue-color has-text-color\">Dr. Sipos Istv\u00e1n ny. ezredes<\/h2>\n\n\n\n<h1 class=\"wp-block-heading has-vivid-red-color has-text-color\">ELN\u00d6K<\/h1>\n\n\n\n<p>e-mail: <a href=\"mailto:mebszbudapest@gmail.com\">mebszbudapest@gmail.com<\/a><br>tel.: +36 20 251 5698<\/p>\n<\/div><\/div>\n\n\n\n<hr class=\"wp-block-separator has-alpha-channel-opacity\"\/>\n<\/div><\/div>\n<\/div><\/div>\n\n\n\n<div class=\"wp-block-media-text alignwide is-stacked-on-mobile\" style=\"grid-template-columns:25% auto\"><figure class=\"wp-block-media-text__media\"><img loading=\"lazy\" decoding=\"async\" width=\"738\" height=\"880\" src=\"http:\/\/bpnyklub.hu\/bpnyklub_wp\/ejto\/wp-content\/uploads\/sites\/89\/2024\/05\/Barabas-Ili-foto.jpg\" alt=\"\" class=\"wp-image-300 size-full\" srcset=\"https:\/\/bpnyklub.hu\/bpnyklub_wp\/ejto\/wp-content\/uploads\/sites\/89\/2024\/05\/Barabas-Ili-foto.jpg 738w, https:\/\/bpnyklub.hu\/bpnyklub_wp\/ejto\/wp-content\/uploads\/sites\/89\/2024\/05\/Barabas-Ili-foto-252x300.jpg 252w, https:\/\/bpnyklub.hu\/bpnyklub_wp\/ejto\/wp-content\/uploads\/sites\/89\/2024\/05\/Barabas-Ili-foto-480x572.jpg 480w\" sizes=\"auto, (max-width: 738px) 100vw, 738px\" \/><\/figure><div class=\"wp-block-media-text__content\">\n<h2 class=\"wp-block-heading has-vivid-cyan-blue-color has-text-color\">Barb\u00e1s\u00a0P\u00e1ln\u00e9<\/h2>\n\n\n\n<h1 class=\"wp-block-heading has-vivid-red-color has-text-color\">TITK\u00c1R<\/h1>\n\n\n\n<p>e-mail: <a href=\"mailto:mebszbudapest@gmail.com\"><a href=\"mailto:ili.barabas@gmail.com\">ili.barabas@gmail.com<\/a><\/a><br>tel.: +36 20 229 6709<\/p>\n<\/div><\/div>\n\n\n\n<hr class=\"wp-block-separator has-alpha-channel-opacity\"\/>\n\n\n\n<div class=\"wp-block-group alignwide\"><div class=\"wp-block-group__inner-container is-layout-constrained wp-block-group-is-layout-constrained\">\n<div class=\"wp-block-media-text alignwide is-stacked-on-mobile\" style=\"grid-template-columns:25% auto\"><figure class=\"wp-block-media-text__media\"><img loading=\"lazy\" decoding=\"async\" width=\"367\" height=\"854\" src=\"http:\/\/bpnyklub.hu\/bpnyklub_wp\/ejto\/wp-content\/uploads\/sites\/89\/2023\/05\/Kondor-Jozsef.jpg\" alt=\"\" class=\"wp-image-189 size-full\" srcset=\"https:\/\/bpnyklub.hu\/bpnyklub_wp\/ejto\/wp-content\/uploads\/sites\/89\/2023\/05\/Kondor-Jozsef.jpg 367w, https:\/\/bpnyklub.hu\/bpnyklub_wp\/ejto\/wp-content\/uploads\/sites\/89\/2023\/05\/Kondor-Jozsef-129x300.jpg 129w\" sizes=\"auto, (max-width: 367px) 100vw, 367px\" \/><\/figure><div class=\"wp-block-media-text__content\">\n<h2 class=\"wp-block-heading has-vivid-cyan-blue-color has-text-color\">Kondor J\u00f3zsef ny. f\u0151t\u00f6rzsz\u00e1szl\u00f3s<\/h2>\n\n\n\n<h1 class=\"wp-block-heading has-vivid-red-color has-text-color\">SZOCI\u00c1LIS- \u00c9S KEGYELETI FELEL\u0150S<\/h1>\n\n\n\n<p>e-mail: &nbsp;<a href=\"mailto:kondor0405@freemail.hu\">kondor0405@freemail.hu<\/a><br>tel.: +36 70 592 6647<\/p>\n<\/div><\/div>\n\n\n\n<hr class=\"wp-block-separator has-alpha-channel-opacity\"\/>\n<\/div><\/div>\n<\/div><\/div>\n\n\n\n<div class=\"wp-block-group alignwide\"><div class=\"wp-block-group__inner-container is-layout-constrained wp-block-group-is-layout-constrained\">\n<div class=\"wp-block-group alignwide\"><div class=\"wp-block-group__inner-container is-layout-constrained wp-block-group-is-layout-constrained\">\n<div class=\"wp-block-media-text alignwide is-stacked-on-mobile\" style=\"grid-template-columns:25% auto\"><figure class=\"wp-block-media-text__media\"><img loading=\"lazy\" decoding=\"async\" width=\"732\" height=\"1024\" src=\"http:\/\/bpnyklub.hu\/bpnyklub_wp\/ejto\/wp-content\/uploads\/sites\/89\/2023\/05\/Czigler-Klara-732x1024.jpg\" alt=\"\" class=\"wp-image-204 size-full\" srcset=\"https:\/\/bpnyklub.hu\/bpnyklub_wp\/ejto\/wp-content\/uploads\/sites\/89\/2023\/05\/Czigler-Klara-732x1024.jpg 732w, https:\/\/bpnyklub.hu\/bpnyklub_wp\/ejto\/wp-content\/uploads\/sites\/89\/2023\/05\/Czigler-Klara-214x300.jpg 214w, https:\/\/bpnyklub.hu\/bpnyklub_wp\/ejto\/wp-content\/uploads\/sites\/89\/2023\/05\/Czigler-Klara-768x1074.jpg 768w, https:\/\/bpnyklub.hu\/bpnyklub_wp\/ejto\/wp-content\/uploads\/sites\/89\/2023\/05\/Czigler-Klara-1098x1536.jpg 1098w, https:\/\/bpnyklub.hu\/bpnyklub_wp\/ejto\/wp-content\/uploads\/sites\/89\/2023\/05\/Czigler-Klara-1464x2048.jpg 1464w, https:\/\/bpnyklub.hu\/bpnyklub_wp\/ejto\/wp-content\/uploads\/sites\/89\/2023\/05\/Czigler-Klara-1218x1704.jpg 1218w, https:\/\/bpnyklub.hu\/bpnyklub_wp\/ejto\/wp-content\/uploads\/sites\/89\/2023\/05\/Czigler-Klara-870x1217.jpg 870w, https:\/\/bpnyklub.hu\/bpnyklub_wp\/ejto\/wp-content\/uploads\/sites\/89\/2023\/05\/Czigler-Klara-480x671.jpg 480w, https:\/\/bpnyklub.hu\/bpnyklub_wp\/ejto\/wp-content\/uploads\/sites\/89\/2023\/05\/Czigler-Klara.jpg 1527w\" sizes=\"auto, (max-width: 732px) 100vw, 732px\" \/><\/figure><div class=\"wp-block-media-text__content\">\n<h2 class=\"wp-block-heading has-vivid-cyan-blue-color has-text-color\">Czigler Kl\u00e1ra<\/h2>\n\n\n\n<h1 class=\"wp-block-heading has-vivid-red-color has-text-color\">GAZDAS\u00c1GI FELEL\u0150S<\/h1>\n\n\n\n<p>e-mail: <a href=\"mailto:czigler.klara@gmail.com\">czigler.klara@gmail.com<\/a><br>tel.: +36 30 166 3899<\/p>\n<\/div><\/div>\n\n\n\n<hr class=\"wp-block-separator has-alpha-channel-opacity\"\/>\n<\/div><\/div>\n\n\n\n<div class=\"wp-block-group alignwide\"><div class=\"wp-block-group__inner-container is-layout-constrained wp-block-group-is-layout-constrained\">\n<div class=\"wp-block-group alignwide\"><div class=\"wp-block-group__inner-container is-layout-constrained wp-block-group-is-layout-constrained\">\n<div class=\"wp-block-media-text alignwide is-stacked-on-mobile\" style=\"grid-template-columns:25% auto\"><figure class=\"wp-block-media-text__media\"><img loading=\"lazy\" decoding=\"async\" width=\"500\" height=\"563\" src=\"http:\/\/bpnyklub.hu\/bpnyklub_wp\/ejto\/wp-content\/uploads\/sites\/89\/2023\/05\/Mucza-Jozsef.jpg\" alt=\"\" class=\"wp-image-210 size-full\" srcset=\"https:\/\/bpnyklub.hu\/bpnyklub_wp\/ejto\/wp-content\/uploads\/sites\/89\/2023\/05\/Mucza-Jozsef.jpg 500w, https:\/\/bpnyklub.hu\/bpnyklub_wp\/ejto\/wp-content\/uploads\/sites\/89\/2023\/05\/Mucza-Jozsef-266x300.jpg 266w, https:\/\/bpnyklub.hu\/bpnyklub_wp\/ejto\/wp-content\/uploads\/sites\/89\/2023\/05\/Mucza-Jozsef-480x540.jpg 480w\" sizes=\"auto, (max-width: 500px) 100vw, 500px\" \/><\/figure><div class=\"wp-block-media-text__content\">\n<h2 class=\"wp-block-heading has-vivid-cyan-blue-color has-text-color\">Mucza J\u00f3zsef<\/h2>\n\n\n\n<h1 class=\"wp-block-heading has-vivid-red-color has-text-color\">K\u00d6ZM\u0170VEL\u0150D\u00c9SI FELEL\u0150S<\/h1>\n\n\n\n<p>e-mail: <a href=\"mailto:muczajoco50@gmail.com\">muczajoco50@gmail.com<\/a>&nbsp;<br>tel.: +36 30 289 5271<\/p>\n<\/div><\/div>\n\n\n\n<hr class=\"wp-block-separator has-alpha-channel-opacity\"\/>\n<\/div><\/div>\n<\/div><\/div>\n\n\n\n<div class=\"wp-block-group alignwide\"><div class=\"wp-block-group__inner-container is-layout-constrained wp-block-group-is-layout-constrained\"><\/div><\/div>\n<\/div><\/div>\n<\/div><\/div>\n","protected":false},"excerpt":{"rendered":"<p>Dr. Sipos Istv\u00e1n ny. ezredes ELN\u00d6K e-mail: mebszbudapest@gmail.comtel.: +36 20 251 5698 Barb\u00e1s\u00a0P\u00e1ln\u00e9 TITK\u00c1R e-mail: ili.barabas@gmail.comtel.: +36 20 229 6709 Kondor J\u00f3zsef ny. f\u0151t\u00f6rzsz\u00e1szl\u00f3s SZOCI\u00c1LIS- \u00c9S KEGYELETI FELEL\u0150S e-mail: &nbsp;kondor0405@freemail.hutel.: +36 70 592 6647 Czigler Kl\u00e1ra GAZDAS\u00c1GI FELEL\u0150S e-mail: czigler.klara@gmail.comtel.: +36 30 166 3899 Mucza J\u00f3zsef K\u00d6ZM\u0170VEL\u0150D\u00c9SI FELEL\u0150S e-mail: muczajoco50@gmail.com&nbsp;tel.: +36 30 289 5271<\/p>\n","protected":false},"author":1,"featured_media":0,"parent":0,"menu_order":0,"comment_status":"closed","ping_status":"closed","template":"","meta":{"footnotes":""},"class_list":["post-50","page","type-page","status-publish","hentry"],"publishpress_future_action":{"enabled":false,"date":"2026-05-13 17:55:56","action":"change-status","newStatus":"draft","terms":[],"taxonomy":"","extraData":[]},"publishpress_future_workflow_manual_trigger":{"enabledWorkflows":[]},"_links":{"self":[{"href":"https:\/\/bpnyklub.hu\/bpnyklub_wp\/ejto\/wp-json\/wp\/v2\/pages\/50","targetHints":{"allow":["GET"]}}],"collection":[{"href":"https:\/\/bpnyklub.hu\/bpnyklub_wp\/ejto\/wp-json\/wp\/v2\/pages"}],"about":[{"href":"https:\/\/bpnyklub.hu\/bpnyklub_wp\/ejto\/wp-json\/wp\/v2\/types\/page"}],"author":[{"embeddable":true,"href":"https:\/\/bpnyklub.hu\/bpnyklub_wp\/ejto\/wp-json\/wp\/v2\/users\/1"}],"replies":[{"embeddable":true,"href":"https:\/\/bpnyklub.hu\/bpnyklub_wp\/ejto\/wp-json\/wp\/v2\/comments?post=50"}],"version-history":[{"count":8,"href":"https:\/\/bpnyklub.hu\/bpnyklub_wp\/ejto\/wp-json\/wp\/v2\/pages\/50\/revisions"}],"predecessor-version":[{"id":301,"href":"https:\/\/bpnyklub.hu\/bpnyklub_wp\/ejto\/wp-json\/wp\/v2\/pages\/50\/revisions\/301"}],"wp:attachment":[{"href":"https:\/\/bpnyklub.hu\/bpnyklub_wp\/ejto\/wp-json\/wp\/v2\/media?parent=50"}],"curies":[{"name":"wp","href":"https:\/\/api.w.org\/{rel}","templated":true}]}}