{"id":2320,"date":"2023-01-14T14:42:08","date_gmt":"2023-01-14T14:42:08","guid":{"rendered":"http:\/\/bpnyklub.hu\/bpnyklub_wp\/?page_id=2320"},"modified":"2024-04-24T08:59:42","modified_gmt":"2024-04-24T08:59:42","slug":"kulturalis-hirek","status":"publish","type":"page","link":"http:\/\/bpnyklub.hu\/bpnyklub_wp\/kulturalis-hirek\/","title":{"rendered":"Kultur\u00e1lis esem\u00e9nyek"},"content":{"rendered":"\t\t<div data-elementor-type=\"wp-page\" data-elementor-id=\"2320\" class=\"elementor elementor-2320\">\n\t\t\t\t\t\t<section class=\"elementor-section elementor-top-section elementor-element elementor-element-93a3d3c elementor-section-boxed elementor-section-height-default elementor-section-height-default elementor-invisible\" data-id=\"93a3d3c\" data-element_type=\"section\" data-e-type=\"section\" data-settings=\"{&quot;animation&quot;:&quot;zoomIn&quot;}\">\n\t\t\t\t\t\t<div class=\"elementor-container elementor-column-gap-default\">\n\t\t\t\t\t<div class=\"elementor-column elementor-col-100 elementor-top-column elementor-element elementor-element-33c709e\" data-id=\"33c709e\" data-element_type=\"column\" data-e-type=\"column\">\n\t\t\t<div class=\"elementor-widget-wrap elementor-element-populated\">\n\t\t\t\t\t\t<div class=\"elementor-element elementor-element-da44247 elementor-widget elementor-widget-text-editor\" data-id=\"da44247\" data-element_type=\"widget\" data-e-type=\"widget\" data-widget_type=\"text-editor.default\">\n\t\t\t\t<div class=\"elementor-widget-container\">\n\t\t\t\t\t\t\t\t\t<p style=\"text-align: left;\">Ezen oldalon els\u0151sorban a Klub \u00e1ltal szervezett kultur\u00e1lis esem\u00e9nyekr\u0151l, kir\u00e1ndul\u00e1sokr\u00f3l, megeml\u00e9kez\u00e9sekr\u0151l stb. azaz a Klub kultur\u00e1lis \u00e9let\u00e9nek mozzanatair\u00f3l \u00e9rtes\u00fclhet a Kedves L\u00e1togat\u00f3.<\/p><p>A\u00a0<span style=\"text-decoration: underline;\"><span style=\"font-size: 15px;\">MH BHD KULTUR\u00c1LIS \u00c9S REKRE\u00c1CI\u00d3S IGAZGAT\u00d3S\u00c1G<\/span><\/span><span style=\"font-size: 15px; color: var( --e-global-color-text );\"> (Stef\u00e1nia Palota) szervez\u00e9s\u00e9ben l\u00e9v\u0151 kultur\u00e1lis esem\u00e9nyeket, programokat az al\u00e1bbi oldalon \u00e9ri el:\u00a0<\/span><a href=\"https:\/\/bphkk.hu\/programok\/\"><span style=\"font-size: 15px; color: var( --e-global-color-text );\"><span style=\"color: #800000;\"><strong>https:\/\/bphkk.hu\/programok\/<\/strong><\/span><\/span><\/a><\/p><p>Az esem\u00e9nyek havi bont\u00e1sban, napt\u00e1rszer\u0171en jelennek. A megjelen\u0151 sz\u00ednes s\u00e1vra kattintva olvashat\u00f3k az esem\u00e9ny r\u00e9szletei: az adott esem\u00e9ny t\u00e1rgya, id\u0151pontja helysz\u00edne szervez\u0151je stb.<\/p><p>Az esem\u00e9nyek k\u00f6zt keresni lehet. Az esem\u00e9nyek sz\u0171rhet\u0151k, el\u00e9rhet\u0151, hogy csak a m\u00faltb\u00e9li vagy a j\u00f6v\u0151beni esem\u00e9nyek l\u00e1tsz\u00f3djanak stb.<\/p><p>J\u00f3 b\u00f6ng\u00e9sz\u00e9st k\u00edv\u00e1nunk!<\/p><p><span style=\"font-family: Roboto, sans-serif; font-size: 13px; font-style: normal; font-weight: 400;\"><!-- EventON Calendar --><div id='evcal_calendar_154' class='list_cal ajde_evcal_calendar sev cev color esty_2 ul etttc_custom ' ><div id='evcal_head' class='calendar_header ' ><div class='evo_cal_above'><span class='evo-search'><\/span><span class='evo-gototoday-btn evo_hide' style='display:none;' data-mo='5' data-yr='2026' data-dy=''>Aktu\u00e1lis (foly\u00f3) h\u00f3nap<\/span><span class='evo-filter-btn'><em><\/em><\/span><\/div><div class='evo_cal_above_content'>\t\t\t\t\t\n\t\t\t\t<div class='evo_search_bar evo_hidden'>\n\t\t\t\t\t<div class='evo_search_bar_in' >\n\t\t\t\t\t\t<input id='evo_search_bar_in_154' type=\"text\" placeholder='Esem\u00e9nyek keres\u00e9se' data-role=\"none\"\/>\n\n\t\t\t\t\t\t<a class=\"evosr_search_clear_btn\"><i class=\"fa fa-close\"><\/i><\/a>\n\t\t\t\t\t\t<a class=\"evosr_search_btn\"><i class=\"fa fa-search\"><\/i><\/a>\n\t\t\t\t\t<\/div>\n\t\t\t\t<\/div>\n\n\t\t\t<\/div><\/div><div class='eventon_sorting_section' style='display:none'><div class='eventon_filter_line '><div class='eventon_filter evo_hideshow_pastfuture' data-filter_field='event_past_future' \n\t\t\t\t\t\t\t\tdata-filter_val='all' data-filter_type='custom' data-fldef='all'><div class='eventon_filter_selection'><p class='filtering_set_val' data-opts='evs4_in'>M\u00faltbeli \u00e9s j\u00f6v\u0151beli esem\u00e9nyek<em class='fa fa-check'><\/em><\/p><div class='eventon_filter_dropdown evo_hideshow select_one' style='display:none'><p class='evo_filter_val select all' data-filter_val='all'>\u00d6sszes<\/p><p class='evo_filter_val past select' data-filter_val='past'>Csak m\u00faltbeli esem\u00e9nyek<\/p><p class='evo_filter_val future select' data-filter_val='future'>Csak a j\u00f6v\u0151beni esem\u00e9nyek<\/p><\/div>\n\t\t\t\t\t\t\t\t<\/div><div class='clear'><\/div>\n\t\t\t\t\t\t\t<\/div><\/div><div class='clear'><\/div><\/div><div id='eventon_loadbar_section'><div id='eventon_loadbar'><\/div><\/div><!-- Events List --><div id='evcal_list' \n\t\t\t\t\tclass='eventon_events_list sep_months evcal_list_month'><div class='evcal_month_line' data-d='eml_5_2026'><p>M\u00e1jus 2026<\/p><\/div><div class='sep_month_events no_event' data-d='eml_5_2026'><div class='eventon_list_event no_events'><p class='no_events' >Nincs esem\u00e9ny<\/p><\/div><\/div><div class='evcal_month_line' data-d='eml_6_2026'><p>J\u00fanius 2026<\/p><\/div><div class='sep_month_events no_event' data-d='eml_6_2026'><div class='eventon_list_event no_events'><p class='no_events' >Nincs esem\u00e9ny<\/p><\/div><\/div><div class='evcal_month_line' data-d='eml_7_2026'><p>J\u00falius 2026<\/p><\/div><div class='sep_month_events no_event' data-d='eml_7_2026'><div class='eventon_list_event no_events'><p class='no_events' >Nincs esem\u00e9ny<\/p><\/div><\/div><div class='evcal_month_line' data-d='eml_8_2026'><p>Augusztus 2026<\/p><\/div><div class='sep_month_events no_event' data-d='eml_8_2026'><div class='eventon_list_event no_events'><p class='no_events' >Nincs esem\u00e9ny<\/p><\/div><\/div><div class='evcal_month_line' data-d='eml_9_2026'><p>Szeptember 2026<\/p><\/div><div class='sep_month_events no_event' data-d='eml_9_2026'><div class='eventon_list_event no_events'><p class='no_events' >Nincs esem\u00e9ny<\/p><\/div><\/div>\t\t\t<div class='clear'><\/div>\n\t\t\t<\/div>\n\t\t\t<div class='clear'><\/div>\n\t\t\t\n\t\t\t\t\t \t<div id='evcal_footer' class='evo_bottom' style='display:none'>\n\t\t \t\t<div class='evo_cal_data' data-sc='{&quot;accord&quot;:&quot;no&quot;,&quot;bottom_nav&quot;:&quot;no&quot;,&quot;cal_id&quot;:&quot;&quot;,&quot;cal_init_nonajax&quot;:&quot;no&quot;,&quot;calendar_type&quot;:&quot;list&quot;,&quot;ep_fields&quot;:&quot;&quot;,&quot;etc_override&quot;:&quot;no&quot;,&quot;evc_open&quot;:&quot;no&quot;,&quot;event_count&quot;:&quot;5&quot;,&quot;event_location&quot;:&quot;all&quot;,&quot;event_order&quot;:&quot;ASC&quot;,&quot;event_organizer&quot;:&quot;all&quot;,&quot;event_parts&quot;:&quot;no&quot;,&quot;event_past_future&quot;:&quot;all&quot;,&quot;event_status&quot;:&quot;all&quot;,&quot;event_tag&quot;:&quot;all&quot;,&quot;event_type&quot;:&quot;121&quot;,&quot;event_type_2&quot;:&quot;all&quot;,&quot;event_virtual&quot;:&quot;all&quot;,&quot;eventtop_date_style&quot;:0,&quot;eventtop_style&quot;:&quot;2&quot;,&quot;exp_jumper&quot;:&quot;no&quot;,&quot;exp_so&quot;:&quot;no&quot;,&quot;filter_relationship&quot;:&quot;AND&quot;,&quot;filter_show_set_only&quot;:&quot;no&quot;,&quot;filter_type&quot;:&quot;default&quot;,&quot;filters&quot;:&quot;yes&quot;,&quot;fixed_month&quot;:&quot;5&quot;,&quot;fixed_year&quot;:&quot;2026&quot;,&quot;focus_end_date_range&quot;:&quot;1790805599&quot;,&quot;focus_start_date_range&quot;:&quot;1777586400&quot;,&quot;ft_event_priority&quot;:&quot;no&quot;,&quot;hide_arrows&quot;:&quot;no&quot;,&quot;hide_cancels&quot;:&quot;no&quot;,&quot;hide_empty_months&quot;:&quot;no&quot;,&quot;hide_end_time&quot;:&quot;no&quot;,&quot;hide_et_dn&quot;:&quot;no&quot;,&quot;hide_et_extra&quot;:&quot;no&quot;,&quot;hide_et_tags&quot;:&quot;no&quot;,&quot;hide_et_tl&quot;:&quot;no&quot;,&quot;hide_ft&quot;:&quot;no&quot;,&quot;hide_ft_img&quot;:&quot;no&quot;,&quot;hide_month_headers&quot;:&quot;no&quot;,&quot;hide_mult_occur&quot;:&quot;no&quot;,&quot;hide_past&quot;:&quot;no&quot;,&quot;hide_past_by&quot;:&quot;ee&quot;,&quot;hide_so&quot;:&quot;no&quot;,&quot;ics&quot;:&quot;no&quot;,&quot;jumper&quot;:&quot;no&quot;,&quot;jumper_count&quot;:5,&quot;jumper_offset&quot;:&quot;0&quot;,&quot;lang&quot;:&quot;L1&quot;,&quot;layout_changer&quot;:&quot;no&quot;,&quot;livenow_bar&quot;:&quot;yes&quot;,&quot;mapformat&quot;:&quot;roadmap&quot;,&quot;mapiconurl&quot;:&quot;&quot;,&quot;maps_load&quot;:&quot;no&quot;,&quot;mapscroll&quot;:&quot;true&quot;,&quot;mapzoom&quot;:&quot;18&quot;,&quot;members_only&quot;:&quot;no&quot;,&quot;ml_priority&quot;:&quot;no&quot;,&quot;month_incre&quot;:0,&quot;number_of_months&quot;:&quot;5&quot;,&quot;only_ft&quot;:&quot;no&quot;,&quot;pec&quot;:&quot;&quot;,&quot;s&quot;:&quot;&quot;,&quot;search&quot;:&quot;&quot;,&quot;search_all&quot;:&quot;no&quot;,&quot;sep_month&quot;:&quot;yes&quot;,&quot;show_et_ft_img&quot;:&quot;no&quot;,&quot;show_limit&quot;:&quot;no&quot;,&quot;show_limit_ajax&quot;:&quot;no&quot;,&quot;show_limit_paged&quot;:1,&quot;show_limit_redir&quot;:&quot;&quot;,&quot;show_repeats&quot;:&quot;no&quot;,&quot;show_upcoming&quot;:0,&quot;show_year&quot;:&quot;yes&quot;,&quot;social_share&quot;:&quot;no&quot;,&quot;sort_by&quot;:&quot;sort_date&quot;,&quot;tile_bg&quot;:0,&quot;tile_bg_size&quot;:&quot;full&quot;,&quot;tile_count&quot;:2,&quot;tile_height&quot;:0,&quot;tile_style&quot;:0,&quot;tiles&quot;:&quot;no&quot;,&quot;ux_val&quot;:&quot;3&quot;,&quot;wpml_l1&quot;:&quot;&quot;,&quot;wpml_l2&quot;:&quot;&quot;,&quot;wpml_l3&quot;:&quot;&quot;,&quot;yl_priority&quot;:&quot;no&quot;,&quot;fixed_day&quot;:&quot;9&quot;,&quot;_cver&quot;:&quot;2.5.3&quot;}'data-od='{&quot;lang_no_events&quot;:&quot;Nincs esem\\u00e9ny&quot;,&quot;cal_tz_offset&quot;:120,&quot;cal_tz&quot;:&quot;Europe\\\/Budapest&quot;}'><\/div>\n\t\t \t\t<div class='evo_cal_events' data-events=\"\"><\/div>\n\t\t \t<\/div>\n\t\t\t\t\n\t\t\t\n\t\t\t\n\t\t\t\t\t\t<\/div><!-- EventON End -->\n\t\t\t<\/span><\/p>\t\t\t\t\t\t\t\t<\/div>\n\t\t\t\t<\/div>\n\t\t\t\t\t<\/div>\n\t\t<\/div>\n\t\t\t\t\t<\/div>\n\t\t<\/section>\n\t\t\t\t<\/div>\n\t\t","protected":false},"excerpt":{"rendered":"<p>Ezen oldalon els\u0151sorban a Klub \u00e1ltal szervezett kultur\u00e1lis esem\u00e9nyekr\u0151l, kir\u00e1ndul\u00e1sokr\u00f3l, megeml\u00e9kez\u00e9sekr\u0151l stb. azaz a Klub kultur\u00e1lis \u00e9let\u00e9nek mozzanatair\u00f3l \u00e9rtes\u00fclhet a Kedves L\u00e1togat\u00f3. A\u00a0MH BHD KULTUR\u00c1LIS \u00c9S REKRE\u00c1CI\u00d3S IGAZGAT\u00d3S\u00c1G (Stef\u00e1nia Palota) szervez\u00e9s\u00e9ben l\u00e9v\u0151 kultur\u00e1lis esem\u00e9nyeket, programokat az al\u00e1bbi oldalon \u00e9ri el:\u00a0https:\/\/bphkk.hu\/programok\/ Az esem\u00e9nyek havi bont\u00e1sban, napt\u00e1rszer\u0171en jelennek. A megjelen\u0151 sz\u00ednes s\u00e1vra kattintva olvashat\u00f3k az esem\u00e9ny r\u00e9szletei:&#8230;<\/p>\n","protected":false},"author":1,"featured_media":0,"parent":0,"menu_order":0,"comment_status":"closed","ping_status":"closed","template":"","meta":{"footnotes":""},"class_list":["post-2320","page","type-page","status-publish","hentry"],"publishpress_future_action":{"enabled":false,"date":"2026-05-16 05:06:35","action":"change-status","newStatus":"draft","terms":[],"taxonomy":"","extraData":[]},"publishpress_future_workflow_manual_trigger":{"enabledWorkflows":[]},"_links":{"self":[{"href":"http:\/\/bpnyklub.hu\/bpnyklub_wp\/wp-json\/wp\/v2\/pages\/2320","targetHints":{"allow":["GET"]}}],"collection":[{"href":"http:\/\/bpnyklub.hu\/bpnyklub_wp\/wp-json\/wp\/v2\/pages"}],"about":[{"href":"http:\/\/bpnyklub.hu\/bpnyklub_wp\/wp-json\/wp\/v2\/types\/page"}],"author":[{"embeddable":true,"href":"http:\/\/bpnyklub.hu\/bpnyklub_wp\/wp-json\/wp\/v2\/users\/1"}],"replies":[{"embeddable":true,"href":"http:\/\/bpnyklub.hu\/bpnyklub_wp\/wp-json\/wp\/v2\/comments?post=2320"}],"version-history":[{"count":0,"href":"http:\/\/bpnyklub.hu\/bpnyklub_wp\/wp-json\/wp\/v2\/pages\/2320\/revisions"}],"wp:attachment":[{"href":"http:\/\/bpnyklub.hu\/bpnyklub_wp\/wp-json\/wp\/v2\/media?parent=2320"}],"curies":[{"name":"wp","href":"https:\/\/api.w.org\/{rel}","templated":true}]}}