{"id":50,"date":"2023-02-05T09:46:22","date_gmt":"2023-02-05T08:46:22","guid":{"rendered":"http:\/\/bpnyklub.hu\/bpnyklub_wp\/sablon\/?page_id=50"},"modified":"2026-02-11T19:05:55","modified_gmt":"2026-02-11T18:05:55","slug":"a-tagozat-vezetosege","status":"publish","type":"page","link":"http:\/\/bpnyklub.hu\/bpnyklub_wp\/vvdt\/a-tagozat-vezetosege\/","title":{"rendered":"Alapadatok \u00e9s Tagozatvezet\u0151s\u00e9g"},"content":{"rendered":"\n<p class=\"has-text-align-center has-medium-font-size\"><mark style=\"background-color:#7bdcb5\" class=\"has-inline-color\"><strong>ALAPADATOK<\/strong><br>Alap\u00edtva: 1990. 12. 12.<br>Klubnap: minden h\u00f3nap 2. szerda 14 \u00f3r\u00e1t\u00f3l 17-ig<br>Vezet\u0151s\u00e9gi \u00fcl\u00e9s: minden h\u00f3nap 2. szerda 14:00<br>\u00d6sszej\u00f6vetel helye: MH Kultur\u00e1lis k\u00f6zpont (Stef\u00e1nia \u00fat 34-36), \u00fcvegterm\u00e9ben<\/mark><\/p>\n\n\n\n<h2 class=\"wp-block-heading\">TAGOZATVEZET\u0150S\u00c9G<\/h2>\n\n\n\n<h2 class=\"wp-block-heading has-vivid-cyan-blue-color has-text-color\"><\/h2>\n\n\n\n<div class=\"wp-block-media-text alignwide is-stacked-on-mobile\" style=\"grid-template-columns:25% auto\"><figure class=\"wp-block-media-text__media\"><img loading=\"lazy\" decoding=\"async\" width=\"130\" height=\"131\" src=\"http:\/\/bpnyklub.hu\/bpnyklub_wp\/vvdt\/wp-content\/uploads\/sites\/86\/2023\/02\/PapGy.jpg\" alt=\"\" class=\"wp-image-123 size-full\" srcset=\"http:\/\/bpnyklub.hu\/bpnyklub_wp\/vvdt\/wp-content\/uploads\/sites\/86\/2023\/02\/PapGy.jpg 130w, http:\/\/bpnyklub.hu\/bpnyklub_wp\/vvdt\/wp-content\/uploads\/sites\/86\/2023\/02\/PapGy-100x100.jpg 100w\" sizes=\"auto, (max-width: 130px) 100vw, 130px\" \/><\/figure><div class=\"wp-block-media-text__content\">\n<h2 class=\"wp-block-heading has-vivid-cyan-blue-color has-text-color has-large-font-size\">Pap Gy\u00f6rgy ny. sz\u00e1zados<\/h2>\n\n\n\n<h1 class=\"wp-block-heading has-vivid-red-color has-text-color\">ELN\u00d6K<\/h1>\n\n\n\n<p>e-mail: papgyuri9591@gmail.com<br>tel.: +36 30 863 3143<\/p>\n<\/div><\/div>\n\n\n\n<div class=\"wp-block-group alignwide\"><div class=\"wp-block-group__inner-container is-layout-constrained wp-block-group-is-layout-constrained\">\n<hr class=\"wp-block-separator has-alpha-channel-opacity\" \/>\n<\/div><\/div>\n\n\n\n<div class=\"wp-block-group alignwide\"><div class=\"wp-block-group__inner-container is-layout-constrained wp-block-group-is-layout-constrained\">\n<div class=\"wp-block-media-text alignwide is-stacked-on-mobile\" style=\"grid-template-columns:25% auto\"><figure class=\"wp-block-media-text__media\"><img loading=\"lazy\" decoding=\"async\" width=\"130\" height=\"131\" src=\"http:\/\/bpnyklub.hu\/bpnyklub_wp\/vvdt\/wp-content\/uploads\/sites\/86\/2023\/02\/MegleczM.jpg\" alt=\"\" class=\"wp-image-126 size-full\" srcset=\"http:\/\/bpnyklub.hu\/bpnyklub_wp\/vvdt\/wp-content\/uploads\/sites\/86\/2023\/02\/MegleczM.jpg 130w, http:\/\/bpnyklub.hu\/bpnyklub_wp\/vvdt\/wp-content\/uploads\/sites\/86\/2023\/02\/MegleczM-100x100.jpg 100w\" sizes=\"auto, (max-width: 130px) 100vw, 130px\" \/><\/figure><div class=\"wp-block-media-text__content\">\n<h2 class=\"wp-block-heading has-vivid-cyan-blue-color has-text-color\">Dr. Megl\u00e9cz Mikl\u00f3s ny. ezredes<\/h2>\n\n\n\n<h1 class=\"wp-block-heading has-vivid-red-color has-text-color\">TITK\u00c1R<\/h1>\n\n\n\n<p>e-mail: mmeglecz@hotmail.com<br>tel.: +36 1 316 2624; +36 30 248 6921<\/p>\n<\/div><\/div>\n\n\n\n<hr class=\"wp-block-separator has-alpha-channel-opacity\" \/>\n<\/div><\/div>\n\n\n\n<div class=\"wp-block-group alignwide\"><div class=\"wp-block-group__inner-container is-layout-constrained wp-block-group-is-layout-constrained\">\n<div class=\"wp-block-media-text alignwide is-stacked-on-mobile\" style=\"grid-template-columns:25% auto\"><figure class=\"wp-block-media-text__media\"><img loading=\"lazy\" decoding=\"async\" width=\"316\" height=\"275\" src=\"http:\/\/bpnyklub.hu\/bpnyklub_wp\/vvdt\/wp-content\/uploads\/sites\/86\/2023\/02\/FerencL.jpg\" alt=\"\" class=\"wp-image-144 size-full\" srcset=\"http:\/\/bpnyklub.hu\/bpnyklub_wp\/vvdt\/wp-content\/uploads\/sites\/86\/2023\/02\/FerencL.jpg 316w, http:\/\/bpnyklub.hu\/bpnyklub_wp\/vvdt\/wp-content\/uploads\/sites\/86\/2023\/02\/FerencL-300x261.jpg 300w\" sizes=\"auto, (max-width: 316px) 100vw, 316px\" \/><\/figure><div class=\"wp-block-media-text__content\">\n<h2 class=\"wp-block-heading has-vivid-cyan-blue-color has-text-color\">Ferencz Lajos ny. alezredes<\/h2>\n\n\n\n<h1 class=\"wp-block-heading has-vivid-red-color has-text-color\">KULTUR\u00c1LIS BIZOTTS\u00c1GI TAG<\/h1>\n\n\n\n<p>e-mail: lajcsipapu@gmail.com<br>tel.: +36 30 346 3442<\/p>\n<\/div><\/div>\n\n\n\n<hr class=\"wp-block-separator has-alpha-channel-opacity\" \/>\n<\/div><\/div>\n\n\n\n<div class=\"wp-block-media-text alignwide is-stacked-on-mobile\" style=\"grid-template-columns:25% auto\"><figure class=\"wp-block-media-text__media\"><img loading=\"lazy\" decoding=\"async\" width=\"339\" height=\"394\" src=\"http:\/\/bpnyklub.hu\/bpnyklub_wp\/vvdt\/wp-content\/uploads\/sites\/86\/2023\/02\/HavaiG.jpg\" alt=\"\" class=\"wp-image-150 size-full\" srcset=\"http:\/\/bpnyklub.hu\/bpnyklub_wp\/vvdt\/wp-content\/uploads\/sites\/86\/2023\/02\/HavaiG.jpg 339w, http:\/\/bpnyklub.hu\/bpnyklub_wp\/vvdt\/wp-content\/uploads\/sites\/86\/2023\/02\/HavaiG-258x300.jpg 258w\" sizes=\"auto, (max-width: 339px) 100vw, 339px\" \/><\/figure><div class=\"wp-block-media-text__content\">\n<h2 class=\"wp-block-heading has-vivid-cyan-blue-color has-text-color\">Hava\u00ed G\u00e1bor ny. alezredes<\/h2>\n\n\n\n<h1 class=\"wp-block-heading has-vivid-red-color has-text-color\">INF. BIZ. TAG<\/h1>\n\n\n\n<p>e-mail: havaig.hu@gmail.com<br>tel.: +36 20 530 2653<\/p>\n<\/div><\/div>\n\n\n\n<div class=\"wp-block-group alignwide\"><div class=\"wp-block-group__inner-container is-layout-constrained wp-block-group-is-layout-constrained\">\n<hr class=\"wp-block-separator has-alpha-channel-opacity\" \/>\n\n\n\n<div class=\"wp-block-media-text alignwide is-stacked-on-mobile\" style=\"grid-template-columns:25% auto\"><figure class=\"wp-block-media-text__media\"><img loading=\"lazy\" decoding=\"async\" width=\"130\" height=\"131\" src=\"http:\/\/bpnyklub.hu\/bpnyklub_wp\/vvdt\/wp-content\/uploads\/sites\/86\/2023\/02\/PonyaSz.jpg\" alt=\"\" class=\"wp-image-132 size-full\" srcset=\"http:\/\/bpnyklub.hu\/bpnyklub_wp\/vvdt\/wp-content\/uploads\/sites\/86\/2023\/02\/PonyaSz.jpg 130w, http:\/\/bpnyklub.hu\/bpnyklub_wp\/vvdt\/wp-content\/uploads\/sites\/86\/2023\/02\/PonyaSz-100x100.jpg 100w\" sizes=\"auto, (max-width: 130px) 100vw, 130px\" \/><\/figure><div class=\"wp-block-media-text__content\">\n<h2 class=\"wp-block-heading has-vivid-cyan-blue-color has-text-color\">P\u00f3nya Szabolcs ny. alezredes<\/h2>\n\n\n\n<h1 class=\"wp-block-heading has-vivid-red-color has-text-color\">SZOC. KEGYELETI BIZ. TAG<\/h1>\n\n\n\n<p>e-mail: ponyasz10@gmail.com<br>tel.: +30 336 6865<\/p>\n<\/div><\/div>\n<\/div><\/div>\n\n\n\n<div class=\"wp-block-group alignwide\"><div class=\"wp-block-group__inner-container is-layout-constrained wp-block-group-is-layout-constrained\">\n<div class=\"wp-block-media-text alignwide is-stacked-on-mobile\" style=\"grid-template-columns:25% auto\"><figure class=\"wp-block-media-text__media\"><img loading=\"lazy\" decoding=\"async\" width=\"326\" height=\"313\" src=\"https:\/\/bpnyklub.hu\/bpnyklub_wp\/vvdt\/wp-content\/uploads\/sites\/86\/2026\/02\/Varhegyi-Tamas-IMG_20260211_1454.jpg\" alt=\"\" class=\"wp-image-3274 size-full\" srcset=\"http:\/\/bpnyklub.hu\/bpnyklub_wp\/vvdt\/wp-content\/uploads\/sites\/86\/2026\/02\/Varhegyi-Tamas-IMG_20260211_1454.jpg 326w, http:\/\/bpnyklub.hu\/bpnyklub_wp\/vvdt\/wp-content\/uploads\/sites\/86\/2026\/02\/Varhegyi-Tamas-IMG_20260211_1454-300x288.jpg 300w, http:\/\/bpnyklub.hu\/bpnyklub_wp\/vvdt\/wp-content\/uploads\/sites\/86\/2026\/02\/Varhegyi-Tamas-IMG_20260211_1454-100x96.jpg 100w\" sizes=\"auto, (max-width: 326px) 100vw, 326px\" \/><\/figure><div class=\"wp-block-media-text__content\">\n<h2 class=\"wp-block-heading has-vivid-cyan-blue-color has-text-color\">V\u00e1rhegyi Tam\u00e1s ny. ezredes<\/h2>\n\n\n\n<h1 class=\"wp-block-heading has-vivid-red-color has-text-color\">VEZET\u0150S\u00c9GI TAG<\/h1>\n\n\n\n<p>e-mail: homopekingus@gmail.com<br>tel.: +36 20 470 1025<\/p>\n<\/div><\/div>\n<\/div><\/div>\n\n\n\n<div class=\"wp-block-group alignwide\"><div class=\"wp-block-group__inner-container is-layout-constrained wp-block-group-is-layout-constrained\">\n<hr class=\"wp-block-separator has-alpha-channel-opacity\" \/>\n\n\n\n<div class=\"wp-block-media-text alignwide is-stacked-on-mobile\" style=\"grid-template-columns:25% auto\"><figure class=\"wp-block-media-text__media\"><img loading=\"lazy\" decoding=\"async\" width=\"442\" height=\"565\" src=\"https:\/\/bpnyklub.hu\/bpnyklub_wp\/vvdt\/wp-content\/uploads\/sites\/86\/2025\/11\/ZG4.jpg\" alt=\"\" class=\"wp-image-3107 size-full\" srcset=\"http:\/\/bpnyklub.hu\/bpnyklub_wp\/vvdt\/wp-content\/uploads\/sites\/86\/2025\/11\/ZG4.jpg 442w, http:\/\/bpnyklub.hu\/bpnyklub_wp\/vvdt\/wp-content\/uploads\/sites\/86\/2025\/11\/ZG4-235x300.jpg 235w, http:\/\/bpnyklub.hu\/bpnyklub_wp\/vvdt\/wp-content\/uploads\/sites\/86\/2025\/11\/ZG4-100x128.jpg 100w\" sizes=\"auto, (max-width: 442px) 100vw, 442px\" \/><\/figure><div class=\"wp-block-media-text__content\">\n<h2 class=\"wp-block-heading has-vivid-cyan-blue-color has-text-color\">Dr. Zellei G\u00e1bor ny. pv. ezredes<\/h2>\n\n\n\n<h1 class=\"wp-block-heading has-vivid-red-color has-text-color\">VEZET\u0150S\u00c9GI TAG<\/h1>\n\n\n\n<p>e-mail: gabor.zellei@gmail.com<br>tel.: +20 955 3662<\/p>\n<\/div><\/div>\n<\/div><\/div>\n\n\n\n<div class=\"wp-block-group alignwide\"><div class=\"wp-block-group__inner-container is-layout-constrained wp-block-group-is-layout-constrained\">\n<hr class=\"wp-block-separator has-alpha-channel-opacity\" \/>\n\n\n\n<p><\/p>\n<\/div><\/div>\n\n\n\n<p><\/p>\n","protected":false},"excerpt":{"rendered":"<p>ALAPADATOKAlap\u00edtva: 1990. 12. 12.Klubnap: minden h\u00f3nap 2. szerda 14 \u00f3r\u00e1t\u00f3l 17-igVezet\u0151s\u00e9gi \u00fcl\u00e9s: minden h\u00f3nap 2. szerda 14:00\u00d6sszej\u00f6vetel helye: MH Kultur\u00e1lis k\u00f6zpont (Stef\u00e1nia \u00fat 34-36), \u00fcvegterm\u00e9ben TAGOZATVEZET\u0150S\u00c9G Pap Gy\u00f6rgy ny. sz\u00e1zados ELN\u00d6K e-mail: papgyuri9591@gmail.comtel.: +36 30 863 3143 Dr. Megl\u00e9cz Mikl\u00f3s ny. ezredes TITK\u00c1R e-mail: mmeglecz@hotmail.comtel.: +36 1 316 2624; +36 30 248 6921 Ferencz Lajos&#8230;<\/p>\n","protected":false},"author":1,"featured_media":0,"parent":0,"menu_order":0,"comment_status":"closed","ping_status":"closed","template":"","meta":{"footnotes":""},"class_list":["post-50","page","type-page","status-publish","hentry"],"publishpress_future_action":{"enabled":false,"date":"2026-05-16 07:53:15","action":"change-status","newStatus":"draft","terms":[],"taxonomy":"","extraData":[]},"publishpress_future_workflow_manual_trigger":{"enabledWorkflows":[]},"_links":{"self":[{"href":"http:\/\/bpnyklub.hu\/bpnyklub_wp\/vvdt\/wp-json\/wp\/v2\/pages\/50","targetHints":{"allow":["GET"]}}],"collection":[{"href":"http:\/\/bpnyklub.hu\/bpnyklub_wp\/vvdt\/wp-json\/wp\/v2\/pages"}],"about":[{"href":"http:\/\/bpnyklub.hu\/bpnyklub_wp\/vvdt\/wp-json\/wp\/v2\/types\/page"}],"author":[{"embeddable":true,"href":"http:\/\/bpnyklub.hu\/bpnyklub_wp\/vvdt\/wp-json\/wp\/v2\/users\/1"}],"replies":[{"embeddable":true,"href":"http:\/\/bpnyklub.hu\/bpnyklub_wp\/vvdt\/wp-json\/wp\/v2\/comments?post=50"}],"version-history":[{"count":20,"href":"http:\/\/bpnyklub.hu\/bpnyklub_wp\/vvdt\/wp-json\/wp\/v2\/pages\/50\/revisions"}],"predecessor-version":[{"id":3275,"href":"http:\/\/bpnyklub.hu\/bpnyklub_wp\/vvdt\/wp-json\/wp\/v2\/pages\/50\/revisions\/3275"}],"wp:attachment":[{"href":"http:\/\/bpnyklub.hu\/bpnyklub_wp\/vvdt\/wp-json\/wp\/v2\/media?parent=50"}],"curies":[{"name":"wp","href":"https:\/\/api.w.org\/{rel}","templated":true}]}}