{"id":44,"date":"2023-02-05T09:45:53","date_gmt":"2023-02-05T08:45:53","guid":{"rendered":"http:\/\/bpnyklub.hu\/bpnyklub_wp\/sablon\/?page_id=44"},"modified":"2026-02-19T09:55:32","modified_gmt":"2026-02-19T08:55:32","slug":"alapadatok","status":"publish","type":"page","link":"http:\/\/bpnyklub.hu\/bpnyklub_wp\/vvdt\/alapadatok\/","title":{"rendered":"Tagozatunk t\u00f6rt\u00e9nete+Besz\u00e1mol\u00f3nk"},"content":{"rendered":"\n<div class=\"wp-block-group has-pale-cyan-blue-background-color has-background\"><div class=\"wp-block-group__inner-container is-layout-constrained wp-block-group-is-layout-constrained\">\n<p class=\"has-medium-font-size\">Sorrend<br><strong><a href=\"#TT\">TAGOZATUNK T\u00d6RT\u00c9NETE<\/a><\/strong><br><a href=\"#vb\"><strong>BESZ\u00c1MOL\u00d3 A TAGOZAT 2025. \u00c9VBEN V\u00c9GZETT TEV\u00c9KENYS\u00c9G\u00c9R\u0150L<\/strong><\/a><\/p>\n\n\n\n<figure class=\"wp-block-image size-full is-resized\"><a href=\"http:\/\/TT\"><img loading=\"lazy\" decoding=\"async\" width=\"418\" height=\"430\" src=\"http:\/\/bpnyklub.hu\/bpnyklub_wp\/vvdt\/wp-content\/uploads\/sites\/86\/2026\/02\/VV-ny-ok-Bp-en-JAV.jpg\" alt=\"\" class=\"wp-image-3307\" style=\"aspect-ratio:0.9721273348353805;width:235px;height:auto\" srcset=\"http:\/\/bpnyklub.hu\/bpnyklub_wp\/vvdt\/wp-content\/uploads\/sites\/86\/2026\/02\/VV-ny-ok-Bp-en-JAV.jpg 418w, http:\/\/bpnyklub.hu\/bpnyklub_wp\/vvdt\/wp-content\/uploads\/sites\/86\/2026\/02\/VV-ny-ok-Bp-en-JAV-292x300.jpg 292w, http:\/\/bpnyklub.hu\/bpnyklub_wp\/vvdt\/wp-content\/uploads\/sites\/86\/2026\/02\/VV-ny-ok-Bp-en-JAV-100x103.jpg 100w\" sizes=\"auto, (max-width: 418px) 100vw, 418px\" \/><\/a><\/figure>\n\n\n\n<p class=\"has-medium-font-size\"><strong>TAGOZATUNK T\u00d6RT\u00c9NETE<\/strong><br>A nyug\u00e1llom\u00e1ny\u00fa vegyiv\u00e9delmi katon\u00e1k 1978-ban megalak\u00edtott\u00e1k a m\u0171szakiak, hadihaj\u00f3sok, t\u0171zszer\u00e9szek, \u00e9s a k\u00f6zleked\u00e9si nyug\u00e1llom\u00e1ny\u00faakkal egy\u00fctt a M\u0171szaki szekci\u00f3t.<\/p>\n\n\n\n<p class=\"has-medium-font-size\">Mert \u00f6sszetartozunk, \u00f6sszek\u00f6tnek minket a katonai szolg\u00e1latban elt\u00f6lt\u00f6tt \u00e9vek,<br>szakmai ismereteink, hagyom\u00e1nyaink, a haza ir\u00e1nti elk\u00f6telezetts\u00e9g\u00fcnk,<br>a kialakult \u00e9s tov\u00e1bb alak\u00edtott kapcsolataink.<br>A szekci\u00f3 akkori eln\u00f6khelyettese Ill\u00e9s S\u00e1ndor ny\u00e1. ezredes volt.<\/p>\n\n\n\n<p class=\"has-medium-font-size\">1980-ban a vegyiv\u00e9delmiek \u00f6n\u00e1ll\u00f3 szekci\u00f3t alkottak.<br>Mintegy \u00e9vtized m\u00falva, r\u00f6vid el\u0151k\u00e9sz\u00edt\u00e9s ut\u00e1n az alap\u00edt\u00f3 tagok 1990 december 12-i<br>\u00fcl\u00e9s\u00fck\u00f6n megalak\u00edtott\u00e1k a vegyiv\u00e9delmi tagozatot.<br>Az alap\u00edt\u00f3 gy\u0171l\u00e9s az al\u00e1bbi c\u00e9lkit\u0171z\u00e9seket fogadta el:<br>\u2013 a nyug\u00e1llom\u00e1ny\u00faak k\u00f6z\u00f6ss\u00e9gi \u00e9let\u00e9nek alak\u00edt\u00e1sa;<br>\u2013 kapcsolattart\u00e1s a szakmai szervezetekkel;<br>\u2013 a szakmai hagyom\u00e1nyok \u00e1pol\u00e1sa;<br>\u2013 kultur\u00e1lis, szoci\u00e1lis, kegyeleti feladatok ell\u00e1t\u00e1sa.<br>A tagozat, amelynek 43 tagja volt, 1991 janu\u00e1r 9-\u00e9n megv\u00e1lasztotta vezet\u0151s\u00e9g\u00e9t.<br>Eln\u00f6k: Madaras P\u00e9ter P\u00e1l ny\u00e1. ezredes, a Klub \u00d6r\u00f6k\u00f6s Tiszteletbeli tagja (ezt a tiszts\u00e9g\u00e9t hal\u00e1l\u00e1ig 2015 j\u00falius\u00e1ig t\u00f6lt\u00f6tt be).<br>Titk\u00e1r: Gyarmati P\u00e1l ny\u00e1. alezredes,<br>Vezet\u0151s\u00e9gi tagok: Erd\u0151s J\u00f3zsef ny\u00e1. mk. ezredes a Tagozat \u00d6r\u00f6k\u00f6s Tiszteletbeli Tagja,<br>Dr.Barna G\u00e9za ny\u00e1. alezredes, B\u00e1nyai Antal.ny\u00e1. alezredes, Patkol\u00f3 Gyula ny\u00e1. \u0151rnagy (k\u00e9s\u0151bb alezredes), mint a szoci\u00e1lis \u00e9s kegyeleti bizotts\u00e1g tagja, Balogh J\u00e1nos ny\u00e1. alezredes, mint a kultur\u00e1lis bizotts\u00e1g tagja.<br>A k\u00e9s\u0151bbiek folyam\u00e1n vezet\u0151s\u00e9gi tagokk\u00e1 v\u00e1ltak: Reil Istv\u00e1n ny\u00e1. alezredes a Tagozat \u00d6r\u00f6k\u00f6s Tiszteletbeli Tagja, Kozma P\u00e9ter ny\u00e1. f\u0151t\u00f6rzsz\u00e1szl\u00f3s, Kriston Istv\u00e1n ny\u00e1. alezredes, P\u00f3nya Szabolcs ny\u00e1. mk. alezredes, Dr. Megl\u00e9cz Mikl\u00f3s ny\u00e1. mk. ezredes, Pap Gy\u00f6rgy ny\u00e1. sz\u00e1zados.<\/p>\n\n\n\n<p class=\"has-medium-font-size\">A tagozat megalakul\u00e1sa \u00f3ta akt\u00edvan tev\u00e9kenykedik c\u00e9lja megval\u00f3s\u00edt\u00e1s\u00e1n.<br>Rendszeres \u00f6sszej\u00f6veteleken, tal\u00e1lkoz\u00f3kon kialak\u00edtottuk k\u00f6z\u00f6ss\u00e9gi \u00e9let\u00fcnket, melyen a tagozat tagjai nagy l\u00e9tsz\u00e1mmal vettek r\u00e9szt.<br>Aktualit\u00e1sa szerint l\u00e1togatjuk a kultur\u00e1lis rendezv\u00e9nyeket, kir\u00e1ndul\u00e1sokon vesz\u00fcnk r\u00e9szt.<br>Az \u00f6sszej\u00f6veteleken visszaeml\u00e9kez\u00fcnk, feleleven\u00edtj\u00fck k\u00f6z\u00f6s eml\u00e9keinket, k\u00f6sz\u00f6ntj\u00fck a sz\u00fclet\u00e9snaposainkat, megaj\u00e1nd\u00e9kozzuk a jubileumi sz\u00fclet\u00e9snaposokat.<br>A tagozat tagjai akt\u00edv szerepet j\u00e1tszottak a Magyar Hadtudom\u00e1nyi T\u00e1rsas\u00e1g vegyiv\u00e9delmi szakoszt\u00e1ly\u00e1nak megalak\u00edt\u00e1s\u00e1ban. Az eltelt id\u0151szak \u00f3ta vel\u00fck is rendszeresen k\u00f6z\u00f6s rendezv\u00e9nyeket szervezt\u00fcnk.<br>Folyamatos kapcsolatot tartunk az \u00e9l\u0151 szakmai alakulatokkal, oktat\u00e1si int\u00e9zm\u00e9nyekkel, kutat\u00f3-gy\u00e1rt\u00f3 ipari t\u00e1rsas\u00e1gokkal.<br>Alap\u00edt\u00f3i \u00e9s kurat\u00f3riumi tagok vagyunk a Magyar Honv\u00e9d Vegyiv\u00e9delmi Tudom\u00e1nyos \u00e9s Szoci\u00e1lis Alap\u00edtv\u00e1ny\u00e1nak.<br>A hagyom\u00e1ny\u00e1pol\u00e1s keret\u00e9n bel\u00fcl r\u00e9szt vett\u00fcnk a Vegyiv\u00e9delmi Eml\u00e9k Hely \u00e9s M\u00fazeum kialak\u00edt\u00e1s\u00e1ban, a Piliscsabai Eml\u00e9kt\u00e1bla elhelyez\u00e9s\u00e9ben \u2013 \u00e9s \u00e9vfordul\u00f3s koszor\u00faz\u00e1s\u00e1ban.<br>\u00d6n\u00e1ll\u00f3an rendez\u00fcnk eml\u00e9k\u00fcl\u00e9seket, megeml\u00e9kez\u00e9seket, kerekasztal besz\u00e9lget\u00e9seket.<\/p>\n\n\n\n<p class=\"has-medium-font-size\">Tagozatunk tagl\u00e9tsz\u00e1ma 55-65 f\u0151 k\u00f6z\u00f6tt ingadozik. Sajnos t\u00f6bben elhunytak, az id\u0151sebbek nem tudt\u00e1k l\u00e1togatni rendezv\u00e9nyeinket ez\u00e9rt kil\u00e9ptek. Ennek ellen\u00e9re t\u00f6bb id\u0151sebb t\u00e1rsunk \u00edgy is tag szeretne maradni.<br>Ez\u00e9rt nagy hangs\u00falyt helyez\u00fcnk a kapcsolattart\u00e1sra, megn\u0151tt a szoci\u00e1lis \u00e9s kegyeleti munka fontoss\u00e1ga.<br>T\u00f6bb, \u00faj fiatalabb nyugd\u00edjas tagunk is van. De a tagtoborz\u00e1si folyamat lass\u00fa, ez\u00e9rt is fontos az \u00f6sszetartoz\u00e1sunk, az egym\u00e1s ir\u00e1nti figyelem \u00e9s megbecs\u00fcl\u00e9s er\u0151s\u00edt\u00e9se.<br>Folyamatosan \u00e9rt\u00e9kelj\u00fck \u00e9s elismerj\u00fck tagjainknak a k\u00f6z\u00f6ss\u00e9g\u00e9rt v\u00e9gzett munk\u00e1j\u00e1t.<br>XXX<\/p>\n\n\n\n<p><\/p>\n\n\n\n<figure class=\"wp-block-image size-full\" id=\"vb\"><img loading=\"lazy\" decoding=\"async\" width=\"902\" height=\"296\" src=\"http:\/\/bpnyklub.hu\/bpnyklub_wp\/vvdt\/wp-content\/uploads\/sites\/86\/2026\/02\/Beszamolohoz.jpg\" alt=\"\" class=\"wp-image-3277\" srcset=\"http:\/\/bpnyklub.hu\/bpnyklub_wp\/vvdt\/wp-content\/uploads\/sites\/86\/2026\/02\/Beszamolohoz.jpg 902w, http:\/\/bpnyklub.hu\/bpnyklub_wp\/vvdt\/wp-content\/uploads\/sites\/86\/2026\/02\/Beszamolohoz-300x98.jpg 300w, http:\/\/bpnyklub.hu\/bpnyklub_wp\/vvdt\/wp-content\/uploads\/sites\/86\/2026\/02\/Beszamolohoz-768x252.jpg 768w, http:\/\/bpnyklub.hu\/bpnyklub_wp\/vvdt\/wp-content\/uploads\/sites\/86\/2026\/02\/Beszamolohoz-100x33.jpg 100w, http:\/\/bpnyklub.hu\/bpnyklub_wp\/vvdt\/wp-content\/uploads\/sites\/86\/2026\/02\/Beszamolohoz-870x285.jpg 870w, http:\/\/bpnyklub.hu\/bpnyklub_wp\/vvdt\/wp-content\/uploads\/sites\/86\/2026\/02\/Beszamolohoz-480x158.jpg 480w\" sizes=\"auto, (max-width: 902px) 100vw, 902px\" \/><\/figure>\n\n\n\n<p class=\"has-medium-font-size\"><strong>A VEZET\u0150S\u00c9G BESZ\u00c1MOL\u00d3JA A TAGOZAT 2025. \u00c9VBEN V\u00c9GZETT TEV\u00c9KENYS\u00c9G\u00c9R\u0150L<\/strong><br>Tagozatunk 2025-ben is a tev\u00e9kenys\u00e9g\u00e9t a Klub Alapszab\u00e1ly-a, Munka \u00e9s Rendezv\u00e9nytervei, valamint a tagozatunk Munka \u00e9s Rendezv\u00e9nyterve alapj\u00e1n v\u00e9gezte.<br>2025. \u00e9vben f\u0151 c\u00e9lkit\u0171z\u00e9seink a \u00e9vben f\u0151 c\u00e9lkit\u0171z\u00e9seink a k\u00f6vetkez\u0151k voltak:<br>&#8211; A Klub k\u00f6zponti rendezv\u00e9nyein val\u00f3 r\u00e9szv\u00e9tel b\u0151v\u00edt\u00e9se;<br>&#8211; Szakmai szervezetekkel val\u00f3 kapcsolat b\u0151v\u00edt\u00e9se, szakmai hagyom\u00e1nyok \u00e1pol\u00e1sa;<br>&#8211; A szoci\u00e1lis \u00e9s kegyeleti, valamint a k\u00f6zm\u0171vel\u0151d\u00e9si munka t\u00e1mogat\u00e1sa;<br>&#8211; Tagtoborz\u00e1s.<br><strong>Szervezeti \u00e9let\u00fcnk:<\/strong><br><strong>2025-ben \u00faj vezet\u0151s\u00e9get v\u00e1lasztottunk.<\/strong><br>Eln\u00f6k, egyben a Klubtan\u00e1cs tagja: Pap Gy\u00f6rgy nyug\u00e1llom\u00e1ny\u00fa sz\u00e1zados;<br>Titk\u00e1r, egyben a K\u00fcld\u00f6tt k\u00f6zgy\u0171l\u00e9si tag: dr. Megl\u00e9cz Mikl\u00f3s nyug\u00e1llom\u00e1ny\u00fa ezredes;<br>Vezet\u0151s\u00e9gi tagok:<br>Ferencz Lajos nyug\u00e1llom\u00e1ny\u00fa nemzet biztons\u00e1gi alezredes,<br>Havai G\u00e1bor nyug\u00e1llom\u00e1ny\u00fa alezredes,<br>P\u00f3nya Szabolcs nyug\u00e1llom\u00e1ny\u00fa alezredes,<br>dr. Zellei G\u00e1bor nyug\u00e1llom\u00e1ny\u00fa polg\u00e1ri v\u00e9delmi ezredes,<br>V\u00e1rhegyi Tam\u00e1s nyug\u00e1llom\u00e1ny\u00fa ezredes.<br><strong>Tagl\u00e9tsz\u00e1munk<\/strong> az \u00e9v sor\u00e1n v\u00e1ltozott, 2024 \u00e9v v\u00e9g\u00e9n 58 f\u0151 volt.<br>Bel\u00e9pett 1, elhunyt 4, kil\u00e9pett 2 szem\u00e9ly.<br>Jelenlegi tagl\u00e9tsz\u00e1munk 53 f\u0151.<br><strong>Tags\u00e1gunk \u00e1tlag\u00e9letkora: <\/strong>2024-ben <strong>77,5<\/strong> \u00e9v volt,<br>jelenleg (2026.01.25-\u00e9n) <strong>78<\/strong> \u00e9v (n\u0151k 79 \u00e9v, f\u00e9rfiak 77 \u00e9v)<strong>.<\/strong><br><strong>Tagozat \u00f6sszej\u00f6veteleinket<\/strong> a kialakult helyzetnek megfelel\u0151en t\u00f6bbs\u00e9g\u00e9ben megtartottuk, melyeken az \u00e1tlagos r\u00e9szv\u00e9teli ar\u00e1ny 35-45 sz\u00e1zal\u00e9k k\u00f6r\u00fcl mozgott a jelenl\u00e9ti nyilv\u00e1ntart\u00e1sunk szerint.<br>A t\u00e1voll\u00e9v\u0151 tagozatt\u00e1rsainknak e-mailben eml\u00e9keztet\u0151t k\u00fcldt\u00fcnk. Ugyanakkor meg kell jegyezni, hogy t\u00f6bb tagt\u00e1rsunk huzamosabb ideje nem l\u00e1togatja rendezv\u00e9nyeinket. Egyes tagozatt\u00e1rsunkn\u00e1l ez \u00e9rthet\u0151, hiszen mozg\u00e1sban korl\u00e1tozottak, m\u00e1sok fizetik a tagd\u00edjat, de a szervezeti \u00e9let\u00fcnkben nem vesznek r\u00e9szt.<\/p>\n\n\n\n<p class=\"has-medium-font-size\" id=\"vb\"><strong>A munkaterveinkben meghat\u00e1rozott feladatokat az al\u00e1bbiak szerint teljes\u00edtett\u00fck<\/strong>.<br>janu\u00e1r:&nbsp; &nbsp;&nbsp;&nbsp;&nbsp;&nbsp;&nbsp;&nbsp;&nbsp;\u00c9vnyit\u00f3t tartottunk, megbesz\u00e9lt\u00fck a 2025. \u00e9vi Munkaterv\u00fcnk tervezet\u00e9t.<br>febru\u00e1r: &nbsp;&nbsp;&nbsp;&nbsp;&nbsp;&nbsp;&nbsp;\u201eSug\u00e1r\u00f6z\u00f6n\u201d Havai G\u00e1bor nyug\u00e1llom\u00e1ny\u00fa alezredes el\u0151ad\u00e1sa.<br>m\u00e1rcius:&nbsp;&nbsp;&nbsp; &nbsp;&nbsp;&nbsp;K\u00f6sz\u00f6nt\u00f6tt\u00fck h\u00f6lgytagjainkat.<br>&nbsp;&nbsp;&nbsp;&nbsp;&nbsp;&nbsp;&nbsp;&nbsp;&nbsp;&nbsp;&nbsp;&nbsp;&nbsp;&nbsp;&nbsp;&nbsp;&nbsp;&nbsp;&nbsp;&nbsp;Besz\u00e1mol\u00f3 k\u00f6zgy\u0171l\u00e9st, vezet\u0151s\u00e9gv\u00e1laszt\u00e1st, tartottunk, elfogadtuk<br>                       a 2025. \u00e9vi Munkaterv\u00fcnket.<br>\u00e1prilis: &nbsp;&nbsp;&nbsp;&nbsp;&nbsp;&nbsp;&nbsp;&nbsp;&nbsp;Ell\u00e1togattunk a GAMMA Zrt-be.<br>m\u00e1jus: &nbsp;&nbsp;&nbsp;&nbsp;&nbsp;&nbsp;&nbsp;&nbsp;&nbsp;Tagozat \u00f6sszej\u00f6vetel\u00fcnk elmaradt, a Stef\u00e1nia palota z\u00e1rva tart\u00e1sa miatt.<br>&nbsp;&nbsp;&nbsp;&nbsp;&nbsp;&nbsp;&nbsp;&nbsp;&nbsp;&nbsp;&nbsp;&nbsp;&nbsp;&nbsp;&nbsp;&nbsp;&nbsp;&nbsp;&nbsp;&nbsp; R\u00e9szt vett\u00fcnk a MH. Sodr\u00f3 L\u00e1szl\u00f3 102. vegyiharc ezred csapat\u00fcnneps\u00e9g\u00e9n.<br>j\u00fanius:&nbsp; &nbsp;&nbsp;&nbsp;&nbsp;&nbsp;&nbsp;&nbsp;&nbsp;Ell\u00e1togatunk dr. Berek Lajos nyug\u00e1llom\u00e1ny\u00fa ezredes szobr\u00e1sz m\u0171hely\u00e9be.<br>szeptember: Megtartottuk a hagyom\u00e1nyos k\u00e1poln\u00e1sny\u00e9ki kir\u00e1ndul\u00e1st,<br>&nbsp;&nbsp;&nbsp;&nbsp;&nbsp;&nbsp;&nbsp;&nbsp;&nbsp;&nbsp;&nbsp;&nbsp;&nbsp;&nbsp;&nbsp;&nbsp;&nbsp;&nbsp; &nbsp;&nbsp;      majd elmaradt e havi m\u00e1sik tagozat \u00f6sszej\u00f6vetel\u00fcnk, technikai okok miatt.<br>okt\u00f3ber:&nbsp; &nbsp;&nbsp;&nbsp;&nbsp;&nbsp;\u201eKina\u201d dr. Pell\u00e9rdi Rezs\u0151 nyug\u00e1llom\u00e1ny\u00fa alezredes \u00e9lm\u00e9nybesz\u00e1mol\u00f3ja.<br>&nbsp;november:&nbsp; \u201eD\u00e1niai barangol\u00e1sok\u201ddr, Magyar Istv\u00e1n nyug\u00e1llom\u00e1ny\u00fa dand\u00e1rt\u00e1bornok<br>                        \u00e9lm\u00e9nybesz\u00e1mol\u00f3ja<br>december:&nbsp;&nbsp;&nbsp; \u00c9vz\u00e1r\u00f3t tartottunk.<br>                     Meg\u00fcnnepelt\u00fck a tagozat megalakul\u00e1s\u00e1nak 35. \u00e9vfordul\u00f3j\u00e1t.<br><em>Tov\u00e1bbi r\u00e9szletek k\u00e9pekkel megtekinthet\u0151k, a tagozat honlapj\u00e1n, a H\u00edreink, tagozatunk munka \u00e9s rendezv\u00e9nyterve men\u00fcpont alatt.<\/em> <a href=\"https:\/\/bpnyklub.hu\/bpnyklub_wp\/vvdt\/hirek-bejegyzesek\/\">https:\/\/bpnyklub.hu\/bpnyklub_wp\/vvdt\/hirek-bejegyzesek\/<\/a><br>A rendezv\u00e9nyeink j\u00f3 hangulat\u00faak voltak, a programok ut\u00e1n \u00e9l\u00e9nk bar\u00e1ti besz\u00e9lget\u00e9sekre is alkalmat adtak.<br>Tagozat \u00f6sszej\u00f6veteleiken aktualit\u00e1suk szerint k\u00f6sz\u00f6nt\u00f6tt\u00fck jubileumi sz\u00fclet\u00e9snaposainkat, N\u0151nap alkalm\u00e1b\u00f3l h\u00f6lgyeinket, valamint r\u00e9szt vett\u00fcnk Klubunk k\u00f6zponti rendezv\u00e9ny\u00e9n.<br>Rendszeresen t\u00e1j\u00e9koztattuk a tags\u00e1got a Klub vezet\u00e9s\u00e9t\u0151l kapott inform\u00e1ci\u00f3kr\u00f3l.<br>Folytattuk azt a gyakorlatot, hogy az \u00faj tag bemutatkozott, feleleven\u00edtett\u00fck k\u00f6z\u00f6s \u00e9lm\u00e9nyeinket.<br>A tagozatunk \u00f6sszej\u00f6veteleit, szer\u00e9ny k\u00f6r\u00fclm\u00e9nyek k\u00f6z\u00f6tt s\u00fctem\u00e9ny, \u00fcd\u00edt\u0151, ital elfogyaszt\u00e1s\u00e1val sz\u00ednes\u00edttett\u00fck. Ez alkalommal is k\u00f6sz\u00f6nj\u00fck, hogy tagjaink id\u0151nk\u00e9nt h\u00e1zi s\u00fctem\u00e9nnyel, itallal is kedveskedtek.<br>Sajnos k\u00e9t rendezv\u00e9ny\u00fck megszervez\u00e9s\u00e9t be\u00e1rny\u00e9kolta a teremhi\u00e1ny. Az elmaradt napirendeket a k\u00f6vetkez\u0151 munkatervbe betervezt\u00fck.<\/p>\n\n\n\n<p class=\"has-medium-font-size\" id=\"vb\"><strong>A VEZET\u0150S\u00c9G<\/strong> az aktu\u00e1lis k\u00e9rd\u00e9seket e-mailben \u00e9s szem\u00e9lyes tal\u00e1lkoz\u00f3kon besz\u00e9lte meg. Vezet\u0151s\u00e9gi \u00fcl\u00e9seinket a tagozat tal\u00e1lkoz\u00f3i el\u0151tt tartottunk. V\u00e9lem\u00e9ny\u00fcnk szerint ez a m\u00f3dszer m\u0171k\u00f6dik.<br>Sajnos eln\u00f6k\u00fcnk, az ut\u00f3bbi \u00e9vben is kevesebbet tudott foglalkozni a tagozat \u00fcgyeivel, tanulm\u00e1nyai miatt. Mindez, l\u00e9nyeg\u00e9ben nem befoly\u00e1solta a tev\u00e9kenys\u00e9g\u00fcnket, mert titk\u00e1runk \u00e1ldozatk\u00e9szen helyettes\u00edtette.<\/p>\n\n\n\n<p class=\"has-medium-font-size\" id=\"vb\"><strong>ELISMER\u00c9SEK<\/strong><br>Az elm\u00falt \u00e9vben tagjaink k\u00f6z\u00fcl t\u00f6bben r\u00e9szes\u00fcltek valamilyen elismer\u00e9sben az al\u00e1bbiak szerint:<br>A Honv\u00e9delmi Miniszter kit\u00fcntet\u0151 c\u00edmet adom\u00e1nyozott:<br>Honv\u00e9delem\u00e9rt Kit\u00fcntet\u0151 C\u00edm II. fokozat <strong>Pap Gy\u00f6rgy nyug\u00e1llom\u00e1ny\u00fa sz\u00e1zadosnak;<\/strong><br>Honv\u00e9delem\u00e9rt Kit\u00fcntet\u0151 C\u00edm III. fokozat<br>                                                    <strong>Dr. Zellei G\u00e1bor nyug\u00e1llom\u00e1ny\u00fa Polg\u00e1ri v\u00e9delmi ezredesnek<\/strong>;<br>A Klub k\u00fcld\u00f6tt \u00e9rtekezlete, A \u201eKlub \u00d6r\u00f6k\u00f6s Tiszteletbeli tag\u201d c\u00edmet adom\u00e1nyozta<br>                                   <strong>Dr. Gach\u00e1lyi Andr\u00e1s nyug\u00e1llom\u00e1ny\u00fa ezredesnek.<\/strong><br>                                         <strong>Erd\u0151s J\u00f3zsef nyug\u00e1llom\u00e1ny\u00fa ezredesnek.<br><\/strong>                                                 Ezennel is GRATUL\u00c1LUNK!<\/p>\n\n\n\n<p class=\"has-medium-font-size\" id=\"vb\"><strong>Kapcsolat a KLUB \u00fcgyvezet\u00e9s\u00e9vel:<\/strong><br>A Klub Tan\u00e1cs \u00dcl\u00e9seken a tagozateln\u00f6k\u00fcnk (esetenk\u00e9nt a titk\u00e1runk) rendszeresen r\u00e9szt vett.<br>A titk\u00e1ri \u00fcl\u00e9seket is rendszeresen l\u00e1togattuk.<br>Minden, a Klub \u00fcgyvezet\u00e9se \u00e1ltal k\u00e9rt inform\u00e1ci\u00f3t id\u0151ben biztos\u00edtottunk.<br>A Klub honlapj\u00e1ra tagozatunkr\u00f3l adatokat szolg\u00e1ltattunk.<br>Megjegyezz\u00fck, hogy az elm\u00falt \u00e9vekben az ezzel kapcsolatos tev\u00e9kenys\u00e9g\u00fcnk fokozatosan javult, s szerint\u00fcnk a t\u00f6bbi tagozathoz k\u00e9pest el\u0151kel\u0151 helyen szerepel\u00fcnk.<br>De ki kell emeln\u00fcnk azt is, hogy a Klub eln\u00f6ks\u00e9g\u00e9ben sok v\u00e1ltoz\u00e1s t\u00f6rt\u00e9nt, ami fokozottabb egy\u00fcttm\u0171k\u00f6d\u00e9st ig\u00e9nyelt.<br>Az adminisztr\u00e1ci\u00f3s feladatok megsokasodtak, sok esetben k\u00fcl\u00f6n \u00e9rtelmez\u00e9sre szorultak.<br>\u00d6sszess\u00e9g\u00e9ben meg\u00e1llap\u00edthatjuk, hogy kapcsolatunk a vezet\u00e9ssel korrekt, probl\u00e9mamentes, egy\u00fcttm\u0171k\u00f6d\u0151.<\/p>\n\n\n\n<p class=\"has-medium-font-size\" id=\"vb\"><strong>K\u00f6zm\u0171vel\u0151d\u00e9si munk\u00e1nkr\u00f3l:<\/strong><br>Ferencz Lajos nyug\u00e1llom\u00e1ny\u00fa nemzetbiztons\u00e1gi alezredes \u00far &#8211; vezet\u0151s\u00e9gi tagunk &#8211; rendszeresen r\u00e9szt vett a klub ilyen bizotts\u00e1gi \u00fcl\u00e9sein, azokr\u00f3l a tagozatot folyamatosan t\u00e1j\u00e9koztatta.<br>A k\u00f6zponti rendezv\u00e9nyeken val\u00f3 r\u00e9szv\u00e9telt kiemelt feladatnak tekintett\u00fck Ezen a t\u00e9ren jelent\u0151s el\u0151rel\u00e9p\u00e9s t\u00f6rt\u00e9nt.<br>R\u00e9szt vett\u00fcnk a k\u00f6zpontilag szervezett rendezv\u00e9nyeken \u00e9s a klub m\u00e1s tagozatai \u00e1ltal biztos\u00edtott lehet\u0151s\u00e9gekkel is \u00e9lt\u00fcnk.<br>Szint\u00e9n megl\u00e1togattuk a Klub \u00e1ltal szervezett sz\u00ednh\u00e1zi el\u0151ad\u00e1st, r\u00e9szt vett\u00fcnk kir\u00e1ndul\u00e1sokon.<br>Ism\u00e9t sikeres volt, a most m\u00e1r hagyom\u00e1nyosnak tekinthet\u0151 k\u00e1poln\u00e1sny\u00e9ki kir\u00e1ndul\u00e1sunk.<br>Az ilyen ir\u00e1ny\u00fa rendezv\u00e9nyeket a j\u00f6v\u0151ben is szeretn\u00e9nk betervezni.<\/p>\n\n\n\n<p class=\"has-medium-font-size\" id=\"vb\"><strong>A Szoci\u00e1lis \u00e9s kegyeleti munk\u00e1r\u00f3l<\/strong><br>P\u00f3nya Szabolcs nyug\u00e1llom\u00e1ny\u00fa alezredes \u00far &#8211; vezet\u0151s\u00e9gi tagunk- kapcsolatot tart a Klub ilyen bizotts\u00e1g\u00e1val. Sajnos elfoglalts\u00e1gai miatt voltak kihagy\u00e1sai.<br>Ez \u00e9vben is kiemelt figyelmet ford\u00edtottunk a tagjainkkal val\u00f3 kapcsolattart\u00e1sra.<br>A kor\u00e1bbi gyakorlatnak megfelel\u0151en l\u00e1togattunk id\u0151sebb, beteg tagt\u00e1rsainkat, illetve telefonon tartottuk a kapcsolatot.<br>V\u00e9lem\u00e9ny\u00fcnk szerint ezt a tev\u00e9kenys\u00e9get folytatni, illetve er\u0151s\u00edteni kell.<br>Szervezt\u00fck, seg\u00edtett\u00fck elhunyt bajt\u00e1rsaink temet\u00e9s\u00e9t.<\/p>\n\n\n\n<p class=\"has-medium-font-size\" id=\"vb\"><strong>Informatikai munk\u00e1r\u00f3l<\/strong><br>Havai G\u00e1bor nyug\u00e1llom\u00e1ny\u00fa alezredes &#8211; vezet\u0151s\u00e9gi tagunk &#8211; rendszeresen l\u00e1togatja a klub informatikai bizotts\u00e1g\u00e1nak negyed\u00e9venk\u00e9nti rendezv\u00e9nyeit.<br>B\u00fcszk\u00e9n jelenthetj\u00fck ki, hogy a honlap tagozatunkra vonatkoz\u00f3 r\u00e9sze az egyik legjobban kidolgozott. Honlapunk folyamatosan friss\u00fcl, naprak\u00e9sz.<br>A klub honlapj\u00e1nak tervezett v\u00e1ltoztat\u00e1saihoz k\u00e9rt adatok hat\u00e1rid\u0151 el\u0151tt bek\u00fcld\u00e9sre ker\u00fcltek.<br>A klub elektronikus tagnyilv\u00e1ntart\u00f3 rendszere m\u0171k\u00f6dik.<br>Az elektronikus rendszerhez az adatv\u00e9delmi szab\u00e1lyok szerint a tagozat eln\u00f6k\u00fcnknek \u00e9s titk\u00e1r\u00fcnknak van hozz\u00e1f\u00e9r\u00e9se.<br>A rendszer tagozatunkra vonatkoz\u00f3 r\u00e9sze naprak\u00e9sz.<\/p>\n\n\n\n<p class=\"has-medium-font-size\" id=\"vb\">Egy\u00fcttm\u0171k\u00f6d\u00e9s a szakmai szervezetekkel:<br>Kapcsolatunk a vegyiv\u00e9delmi szakmai szervezetekkel korrekt.<br>Hagyom\u00e1nyainknak megfelel\u0151en, az \u00e9v elej\u00e9n tal\u00e1lkoztunk ezen szervezetek k\u00e9pvisel\u0151ivel.<br>A MH Sodr\u00f3 L\u00e1szl\u00f3 102. vegyiharc ezred parancsnok\u00e1val szem\u00e9lyesen, illetve telefonon tartottuk a kapcsolatot. R\u00e9szt vett\u00fcnk csapat\u00fcnneps\u00e9g\u00fck\u00f6n. K\u00f6z\u00f6sen eml\u00e9kezt\u00fcnk meg a \u201eVegyifegyver els\u0151 t\u00f6meges alkalmaz\u00e1sa\u201d 110. \u00e9vfordul\u00f3j\u00e1r\u00f3l, a MH Vegyiv\u00e9delmi Szolg\u00e1lat megalakul\u00e1s\u00e1nak 65. \u00e9vfordul\u00f3j\u00e1r\u00f3l.<br>A Magyar Honv\u00e9ds\u00e9g \u00d6sszhader\u0151nemi Parancsnoks\u00e1ga, \u00e9s a HVK vegyiv\u00e9delmi referenseivel a kapcsolat \u00e9l\u0151.<br>A Nemzeti K\u00f6zszolg\u00e1lati Egyetem illet\u00e9kes tansz\u00e9k\u00e9vel a kapcsolat folyamatos.<br>A Hadtudom\u00e1nyi T\u00e1rsas\u00e1g Vegyiv\u00e9delmi- \u00e9s K\u00f6rnyezetbiztons\u00e1gi, valamint Katasztr\u00f3fa \u00e9s Polg\u00e1ri V\u00e9delmi szakoszt\u00e1lyaival tartottuk a kapcsolatot.<br>L\u00e1togat\u00e1st szervezt\u00fcnk a GAMMA Zrt.-hez, ahol a fejleszt\u00e9s alatt \u00e1ll\u00f3 vegyiv\u00e9delmi technikai eszk\u00f6z\u00f6kkel ismerkedt\u00fcnk. K\u00f6sz\u00f6nj\u00fck tagozatt\u00e1rsunknak, Svendor Gy\u00f6rgy nyug\u00e1llom\u00e1ny\u00fa ezredes \u00farnak a szervez\u0151 tev\u00e9kenys\u00e9get.<\/p>\n\n\n\n<p class=\"has-medium-font-size\" id=\"vb\"><strong>Gazd\u00e1lkod\u00e1s<\/strong><br>A tagozat vezet\u0151s\u00e9ge a m\u00falt \u00e9v v\u00e9g\u00e9n is k\u00f6lts\u00e9gvet\u00e9si tervet adott le.<br>A terv\u00fcnk megval\u00f3sult, a befizet\u00e9seinkb\u0151l rendelkez\u00e9s\u00fcnkre \u00e1ll\u00f3 k\u00f6zponti keret biztos\u00edtotta a betervezett feladatokat.<br>Az elsz\u00e1mol\u00e1s folyamatos, menete nyitott, naprak\u00e9sz, dokument\u00e1lt, minden tagt\u00e1rsunk r\u00e9sz\u00e9re b\u00e1rmikor hozz\u00e1f\u00e9rhet\u0151.<br>A tagd\u00edjfizet\u00e9s fegyelme alapvet\u0151en megfelel\u0151.<br>A vezet\u0151s\u00e9g javasolja, a j\u00f6v\u0151beni tagd\u00edjmentess\u00e9get a 85 \u00e9v feletti tagt\u00e1rsainknak, \u00f6sszhangban a Klubtan\u00e1cs hat\u00e1rozat\u00e1val.<\/p>\n\n\n\n<p class=\"has-medium-font-size\" id=\"vb\"><strong>\u00d6sszegezve<\/strong><br>Az elm\u00falt \u00e9vben a legfontosabb c\u00e9lkit\u0171z\u00e9seinket, a betervezett feladatokat, alapvet\u0151en sikeresen teljes\u00edtett\u00fck.<br>Az id\u0151nk\u00e9nti teremhi\u00e1ny, adminisztrat\u00edv v\u00e1ltoz\u00e1sok nem zavart\u00e1k meg a tagozat m\u0171k\u00f6d\u00e9s\u00e9t.<br>Tov\u00e1bbra is er\u0151s\u00edten\u00fcnk kell a k\u00f6z\u00f6ss\u00e9gi \u00e9letet, beteg id\u0151s tagjaink l\u00e1togat\u00e1s\u00e1nak megszervez\u00e9s\u00e9t, n\u00f6velni kell a rendezv\u00e9nyeken val\u00f3 r\u00e9szv\u00e9teli ar\u00e1nyt.<\/p>\n\n\n\n<p class=\"has-medium-font-size\" id=\"vb\">A besz\u00e1mol\u00f3 v\u00e9g\u00e9re \u00e9rve, a vezet\u0151s\u00e9g nev\u00e9ben megk\u00f6sz\u00f6n\u00f6m a Klub \u00fcgyvezet\u00e9se, a tagozatvezet\u0151s\u00e9g \u00e9s valamennyi tagozatt\u00e1rsunk munk\u00e1j\u00e1t.<br>Budapest, 2026. 02. 09.<br>                                                          Pap Gy\u00f6rgy nyug\u00e1llom\u00e1ny\u00fa sz\u00e1zados<br>                                                                            tagozateln\u00f6k<\/p>\n<\/div><\/div>\n","protected":false},"excerpt":{"rendered":"<p>SorrendTAGOZATUNK T\u00d6RT\u00c9NETEBESZ\u00c1MOL\u00d3 A TAGOZAT 2025. \u00c9VBEN V\u00c9GZETT TEV\u00c9KENYS\u00c9G\u00c9R\u0150L TAGOZATUNK T\u00d6RT\u00c9NETEA nyug\u00e1llom\u00e1ny\u00fa vegyiv\u00e9delmi katon\u00e1k 1978-ban megalak\u00edtott\u00e1k a m\u0171szakiak, hadihaj\u00f3sok, t\u0171zszer\u00e9szek, \u00e9s a k\u00f6zleked\u00e9si nyug\u00e1llom\u00e1ny\u00faakkal egy\u00fctt a M\u0171szaki szekci\u00f3t. Mert \u00f6sszetartozunk, \u00f6sszek\u00f6tnek minket a katonai szolg\u00e1latban elt\u00f6lt\u00f6tt \u00e9vek,szakmai ismereteink, hagyom\u00e1nyaink, a haza ir\u00e1nti elk\u00f6telezetts\u00e9g\u00fcnk,a kialakult \u00e9s tov\u00e1bb alak\u00edtott kapcsolataink.A szekci\u00f3 akkori eln\u00f6khelyettese Ill\u00e9s S\u00e1ndor ny\u00e1. ezredes volt&#8230;.<\/p>\n","protected":false},"author":1,"featured_media":0,"parent":0,"menu_order":0,"comment_status":"closed","ping_status":"closed","template":"","meta":{"footnotes":""},"class_list":["post-44","page","type-page","status-publish","hentry"],"publishpress_future_action":{"enabled":false,"date":"2026-05-16 07:52:27","action":"change-status","newStatus":"draft","terms":[],"taxonomy":"","extraData":[]},"publishpress_future_workflow_manual_trigger":{"enabledWorkflows":[]},"_links":{"self":[{"href":"http:\/\/bpnyklub.hu\/bpnyklub_wp\/vvdt\/wp-json\/wp\/v2\/pages\/44","targetHints":{"allow":["GET"]}}],"collection":[{"href":"http:\/\/bpnyklub.hu\/bpnyklub_wp\/vvdt\/wp-json\/wp\/v2\/pages"}],"about":[{"href":"http:\/\/bpnyklub.hu\/bpnyklub_wp\/vvdt\/wp-json\/wp\/v2\/types\/page"}],"author":[{"embeddable":true,"href":"http:\/\/bpnyklub.hu\/bpnyklub_wp\/vvdt\/wp-json\/wp\/v2\/users\/1"}],"replies":[{"embeddable":true,"href":"http:\/\/bpnyklub.hu\/bpnyklub_wp\/vvdt\/wp-json\/wp\/v2\/comments?post=44"}],"version-history":[{"count":22,"href":"http:\/\/bpnyklub.hu\/bpnyklub_wp\/vvdt\/wp-json\/wp\/v2\/pages\/44\/revisions"}],"predecessor-version":[{"id":3312,"href":"http:\/\/bpnyklub.hu\/bpnyklub_wp\/vvdt\/wp-json\/wp\/v2\/pages\/44\/revisions\/3312"}],"wp:attachment":[{"href":"http:\/\/bpnyklub.hu\/bpnyklub_wp\/vvdt\/wp-json\/wp\/v2\/media?parent=44"}],"curies":[{"name":"wp","href":"https:\/\/api.w.org\/{rel}","templated":true}]}}