{"id":261,"date":"2023-02-11T17:25:15","date_gmt":"2023-02-11T16:25:15","guid":{"rendered":"https:\/\/bpnyklub.hu\/bpnyklub_wp\/vvdt\/?page_id=261"},"modified":"2023-06-15T21:01:10","modified_gmt":"2023-06-15T19:01:10","slug":"dokumentumok","status":"publish","type":"page","link":"http:\/\/bpnyklub.hu\/bpnyklub_wp\/vvdt\/dokumentumok\/","title":{"rendered":"KITEKINT\u00c9S (linkek)"},"content":{"rendered":"\n<p class=\"has-light-green-cyan-background-color has-background has-medium-font-size\" id=\"L0\"><strong>FELSOROL\u00c1S<\/strong> (al\u00e1bbiakra kattint\u00e1ssal ugrat\u00e1s Log\u00f3ra vagy El\u0151k\u00e9pre, majd onnan az Oldal\u00e1ra)<br><a href=\"#L5\">L1) Magyar Honv\u00e9ds\u00e9g Sodr\u00f3 L\u00e1szl\u00f3 102. Vegyiharc Ezred<\/a><br><a href=\"#L8\">L2) MH G\u00f6rgey Art\u00far Vegyiv\u00e9delmi Inform\u00e1ci\u00f3s K\u00f6zpont (GAVIK 2023-ban VIK a Sodr\u00f3 L\u00e1szl\u00f3 102. Vegyiharc Ezred r\u00e9sze)<\/a><br><a href=\"https:\/\/hhk.uni-nke.hu\/oktatasi-egysegek\/muveleti-tamogato-tanszek\/koszonto\">L3) NEMZETI K\u00d6ZSZOLG\u00c1LATI EGYETEM, Hadtudom\u00e1nyi \u00e9s Honv\u00e9dtisztk\u00e9pz\u0151 Kar, M\u0171veleti T\u00e1mogat\u00f3 Tansz\u00e9k, <strong>Vegyiv\u00e9delmi Szakcsoport<\/strong><\/a><br><a href=\"#L7\">L4) GAMMA M\u0171szaki Z\u00e1rtk\u00f6r\u0171 R\u00e9szv\u00e9nyt\u00e1rsas\u00e1g<\/a><strong><br><a href=\"#L1\">L5) PFAFF L\u00e1szl\u00f3 vegyiv\u00e9delmi \u00e9s h\u00edrad\u00e1stechnikai gy\u0171jtem\u00e9nye, R\u00e9ts\u00e1gon<\/a><br><a href=\"#L2\">L6) VV eszk\u00f6z\u00f6k (IH-2, AVJ, FMG stb.) szakgy\u0171jtem\u00e9ny<\/a><\/strong><br><a href=\"https:\/\/www.mkle.net\/erdos-jozsef-mk-ezds\/\">L7) Erd\u0151s J\u00f3zsef mk. ezds. \u00f6r\u00f6k\u00f6s tagunkkal \u00e9let\u00fat interj\u00fa 5. A vegyiv\u00e9delem, 6. Felder\u00edt\u00e9s, 7. Mentes\u00edt\u00e9s, 8. Megval\u00f3sult \u00e9s meghi\u00fasult tervek<\/a><strong><br><a href=\"#L3\">L8) Szikora Mih\u00e1ly vide\u00f3ja a Szeksz\u00e1rdon szolg\u00e1ltakr\u00f3l<\/a><br><\/strong><a href=\"#L4\"><strong>L9) <strong>SZEGZ\u00c1RD<\/strong><\/strong> <strong>VETER\u00c1N VEGY\u00c9SZEK BAR\u00c1TI T\u00c1RSAS\u00c1GA<\/strong><\/a><\/p>\n\n\n\n<div class=\"wp-block-group is-vertical is-layout-flex wp-container-core-group-is-layout-8cf370e7 wp-block-group-is-layout-flex\">\n<div class=\"wp-block-group is-vertical is-layout-flex wp-container-core-group-is-layout-8cf370e7 wp-block-group-is-layout-flex\">\n<div class=\"wp-block-group is-vertical is-layout-flex wp-container-core-group-is-layout-8cf370e7 wp-block-group-is-layout-flex\">\n<div class=\"wp-block-group\"><div class=\"wp-block-group__inner-container is-layout-constrained wp-block-group-is-layout-constrained\">\n<div class=\"wp-block-group\"><div class=\"wp-block-group__inner-container is-layout-constrained wp-block-group-is-layout-constrained\">\n<div class=\"wp-block-group\"><div class=\"wp-block-group__inner-container is-layout-constrained wp-block-group-is-layout-constrained\">\n<div class=\"wp-block-group\"><div class=\"wp-block-group__inner-container is-layout-constrained wp-block-group-is-layout-constrained\">\n<div class=\"wp-block-group has-background is-vertical is-layout-flex wp-container-core-group-is-layout-8cf370e7 wp-block-group-is-layout-flex\" style=\"background-color:#f78df33d\">\n<div class=\"wp-block-group is-vertical is-layout-flex wp-container-core-group-is-layout-8cf370e7 wp-block-group-is-layout-flex\">\n<p class=\"has-text-align-center has-medium-font-size\" id=\"L5\"><br><a href=\"https:\/\/honvedelem.hu\/alakulat\/magyar-honvedseg-sodro-laszlo-102-vegyiharc-ezred.html\"><strong>L1) Magyar Honv\u00e9ds\u00e9g Sodr\u00f3 L\u00e1szl\u00f3 102. Vegyiharc Ezred<\/strong><\/a><br>C\u00edmsorra, vagy a log\u00f3ra kattint\u00e1ssal lehet honlapj\u00e1ra ugratni<\/p>\n\n\n\n<figure class=\"wp-block-image size-full\"><a href=\"https:\/\/honvedelem.hu\/alakulat\/magyar-honvedseg-sodro-laszlo-102-vegyiharc-ezred.html\"><img loading=\"lazy\" decoding=\"async\" width=\"189\" height=\"192\" src=\"http:\/\/bpnyklub.hu\/bpnyklub_wp\/vvdt\/wp-content\/uploads\/sites\/86\/2023\/05\/MH-Sodro-Laszlo-102-Vegyiharc-ezred-unnamed.jpg\" alt=\"\" class=\"wp-image-1472\" \/><\/a><\/figure>\n<\/div>\n\n\n\n<p class=\"has-text-align-center has-light-green-cyan-background-color has-background has-medium-font-size\"><strong><a href=\"#L0\">FEL\u00dcLRE ugr\u00e1s<\/a><\/strong><\/p>\n\n\n\n<p class=\"has-medium-font-size\" id=\"L8\"><strong><a href=\"https:\/\/hu.wikipedia.org\/wiki\/MH_G%C3%B6rgey_Art%C3%BAr_Vegyiv%C3%A9delmi_Inform%C3%A1ci%C3%B3s_K%C3%B6zpont\">L2) MH G\u00f6rgey Art\u00far Vegyiv\u00e9delmi Inform\u00e1ci\u00f3s K\u00f6zpont (GAVIK 2023-ban VIK a Sodr\u00f3 L\u00e1szl\u00f3 102. Vegyiharc Ezred r\u00e9sze)<\/a><\/strong><br>C\u00edmsorra, vagy a log\u00f3ra kattint\u00e1ssal lehet honlapj\u00e1ra ugratni.<\/p>\n\n\n\n<figure class=\"wp-block-image size-full\"><a href=\"https:\/\/hu.wikipedia.org\/wiki\/MH_G%C3%B6rgey_Art%C3%BAr_Vegyiv%C3%A9delmi_Inform%C3%A1ci%C3%B3s_K%C3%B6zpont\"><img loading=\"lazy\" decoding=\"async\" width=\"189\" height=\"190\" src=\"http:\/\/bpnyklub.hu\/bpnyklub_wp\/vvdt\/wp-content\/uploads\/sites\/86\/2023\/04\/MH-GAVIK-1.jpg\" alt=\"\" class=\"wp-image-1062\" srcset=\"http:\/\/bpnyklub.hu\/bpnyklub_wp\/vvdt\/wp-content\/uploads\/sites\/86\/2023\/04\/MH-GAVIK-1.jpg 189w, http:\/\/bpnyklub.hu\/bpnyklub_wp\/vvdt\/wp-content\/uploads\/sites\/86\/2023\/04\/MH-GAVIK-1-150x150.jpg 150w, http:\/\/bpnyklub.hu\/bpnyklub_wp\/vvdt\/wp-content\/uploads\/sites\/86\/2023\/04\/MH-GAVIK-1-100x100.jpg 100w\" sizes=\"auto, (max-width: 189px) 100vw, 189px\" \/><\/a><\/figure>\n\n\n\n<p class=\"has-text-align-center has-light-green-cyan-background-color has-background has-medium-font-size\"><strong><a href=\"#L0\">FEL\u00dcLRE ugr\u00e1s<\/a><\/strong><\/p>\n\n\n\n<p><strong><a href=\"http:\/\/gammatech.hu\/\">L4) GAMMA M\u0171szaki Z\u00e1rtk\u00f6r\u0171 R\u00e9szv\u00e9nyt\u00e1rsas\u00e1g<\/a><\/strong><\/p>\n\n\n\n<p class=\"has-text-align-center\">C\u00edmsorra, vagy a k\u00e9pre kattint\u00e1ssal lehet honlapj\u00e1ra ugratni.<\/p>\n\n\n\n<figure class=\"wp-block-image size-full\"><a href=\"http:\/\/gammatech.hu\/\"><img loading=\"lazy\" decoding=\"async\" width=\"864\" height=\"614\" src=\"http:\/\/bpnyklub.hu\/bpnyklub_wp\/vvdt\/wp-content\/uploads\/sites\/86\/2023\/04\/GAMMA-MUSZAKI-ZRT.jpg\" alt=\"\" class=\"wp-image-1038\" srcset=\"http:\/\/bpnyklub.hu\/bpnyklub_wp\/vvdt\/wp-content\/uploads\/sites\/86\/2023\/04\/GAMMA-MUSZAKI-ZRT.jpg 864w, http:\/\/bpnyklub.hu\/bpnyklub_wp\/vvdt\/wp-content\/uploads\/sites\/86\/2023\/04\/GAMMA-MUSZAKI-ZRT-300x213.jpg 300w, http:\/\/bpnyklub.hu\/bpnyklub_wp\/vvdt\/wp-content\/uploads\/sites\/86\/2023\/04\/GAMMA-MUSZAKI-ZRT-768x546.jpg 768w, http:\/\/bpnyklub.hu\/bpnyklub_wp\/vvdt\/wp-content\/uploads\/sites\/86\/2023\/04\/GAMMA-MUSZAKI-ZRT-480x341.jpg 480w\" sizes=\"auto, (max-width: 864px) 100vw, 864px\" \/><\/a><\/figure>\n\n\n\n<div class=\"wp-block-group is-vertical is-layout-flex wp-container-core-group-is-layout-8cf370e7 wp-block-group-is-layout-flex\">\n<p class=\"has-text-align-center has-light-green-cyan-background-color has-background has-medium-font-size\"><strong><a href=\"#L0\">FEL\u00dcLRE ugr\u00e1s<\/a><\/strong><\/p>\n\n\n\n<p class=\"has-text-align-center has-medium-font-size\" id=\"L1\"><strong><a href=\"https:\/\/photos.google.com\/share\/AF1QipOJ_OrdF5aEPwsVk8BlhWzA9NG6F9tWUoFwteoOT9wBqDpQqr6a9zV3Ok4MMR0g6A?key=VUFIWm12ZTJUWUVfQ3dSaXhWMl9YS2hDbjNPYXBR\">L5) PFAFF L\u00e1szl\u00f3\u00a0vegyiv\u00e9delmi\u00a0\u00e9s h\u00edrad\u00e1stechnikai\u00a0gy\u0171jtem\u00e9nye, R\u00e9ts\u00e1gon<\/a><\/strong><br>C\u00edmsorra, vagy a k\u00e9pre kattint\u00e1ssal lehet honlapj\u00e1ra ugratni.<\/p>\n\n\n\n<figure class=\"wp-block-image size-large\"><a href=\"https:\/\/photos.google.com\/share\/AF1QipOJ_OrdF5aEPwsVk8BlhWzA9NG6F9tWUoFwteoOT9wBqDpQqr6a9zV3Ok4MMR0g6A?key=VUFIWm12ZTJUWUVfQ3dSaXhWMl9YS2hDbjNPYXBR\"><img loading=\"lazy\" decoding=\"async\" width=\"1024\" height=\"408\" src=\"http:\/\/bpnyklub.hu\/bpnyklub_wp\/vvdt\/wp-content\/uploads\/sites\/86\/2023\/04\/PFAFF-Laszlo-VV-haditecnikai-gyujtemeny-1024x408.jpg\" alt=\"\" class=\"wp-image-724\" srcset=\"http:\/\/bpnyklub.hu\/bpnyklub_wp\/vvdt\/wp-content\/uploads\/sites\/86\/2023\/04\/PFAFF-Laszlo-VV-haditecnikai-gyujtemeny-1024x408.jpg 1024w, http:\/\/bpnyklub.hu\/bpnyklub_wp\/vvdt\/wp-content\/uploads\/sites\/86\/2023\/04\/PFAFF-Laszlo-VV-haditecnikai-gyujtemeny-300x120.jpg 300w, http:\/\/bpnyklub.hu\/bpnyklub_wp\/vvdt\/wp-content\/uploads\/sites\/86\/2023\/04\/PFAFF-Laszlo-VV-haditecnikai-gyujtemeny-768x306.jpg 768w, http:\/\/bpnyklub.hu\/bpnyklub_wp\/vvdt\/wp-content\/uploads\/sites\/86\/2023\/04\/PFAFF-Laszlo-VV-haditecnikai-gyujtemeny-1218x486.jpg 1218w, http:\/\/bpnyklub.hu\/bpnyklub_wp\/vvdt\/wp-content\/uploads\/sites\/86\/2023\/04\/PFAFF-Laszlo-VV-haditecnikai-gyujtemeny-870x347.jpg 870w, http:\/\/bpnyklub.hu\/bpnyklub_wp\/vvdt\/wp-content\/uploads\/sites\/86\/2023\/04\/PFAFF-Laszlo-VV-haditecnikai-gyujtemeny-480x191.jpg 480w, http:\/\/bpnyklub.hu\/bpnyklub_wp\/vvdt\/wp-content\/uploads\/sites\/86\/2023\/04\/PFAFF-Laszlo-VV-haditecnikai-gyujtemeny.jpg 1354w\" sizes=\"auto, (max-width: 1024px) 100vw, 1024px\" \/><\/a><\/figure>\n\n\n\n<p class=\"has-text-align-center has-light-green-cyan-background-color has-background has-medium-font-size\"><strong><a href=\"#L0\">FEL\u00dcLRE ugr\u00e1s<\/a><\/strong><\/p>\n\n\n\n<p class=\"has-background has-medium-font-size\" id=\"L2\" style=\"background-color:#f78da805\"><strong><a href=\"https:\/\/www.mkle.net\/logisztikai-szakgyujtemeny\/szakmai-oldalak\/szakagak\/vegyivedelem\/eszkozok\/\">L6) VV eszk\u00f6z\u00f6k (IH-2, AVJ, FMG stb.) szakgy\u0171jtem\u00e9ny<\/a><\/strong><br>C\u00edmsorra, vagy a k\u00e9pre kattint\u00e1ssal lehet honlapj\u00e1ra ugratni.<\/p>\n\n\n\n<figure class=\"wp-block-gallery has-nested-images columns-default is-cropped wp-block-gallery-1 is-layout-flex wp-block-gallery-is-layout-flex\">\n<figure class=\"wp-block-image size-full\"><a href=\"https:\/\/www.mkle.net\/logisztikai-szakgyujtemeny\/szakmai-oldalak\/szakagak\/vegyivedelem\/eszkozok\/\"><img loading=\"lazy\" decoding=\"async\" width=\"954\" height=\"682\" data-id=\"730\" src=\"https:\/\/bpnyklub.hu\/bpnyklub_wp\/vvdt\/wp-content\/uploads\/sites\/86\/2023\/04\/Magyar-Katonai-Logisztikai-Egyesulet-VV-szakgyujtemeny-1.jpg\" alt=\"\" class=\"wp-image-730\" srcset=\"http:\/\/bpnyklub.hu\/bpnyklub_wp\/vvdt\/wp-content\/uploads\/sites\/86\/2023\/04\/Magyar-Katonai-Logisztikai-Egyesulet-VV-szakgyujtemeny-1.jpg 954w, http:\/\/bpnyklub.hu\/bpnyklub_wp\/vvdt\/wp-content\/uploads\/sites\/86\/2023\/04\/Magyar-Katonai-Logisztikai-Egyesulet-VV-szakgyujtemeny-1-300x214.jpg 300w, http:\/\/bpnyklub.hu\/bpnyklub_wp\/vvdt\/wp-content\/uploads\/sites\/86\/2023\/04\/Magyar-Katonai-Logisztikai-Egyesulet-VV-szakgyujtemeny-1-768x549.jpg 768w, http:\/\/bpnyklub.hu\/bpnyklub_wp\/vvdt\/wp-content\/uploads\/sites\/86\/2023\/04\/Magyar-Katonai-Logisztikai-Egyesulet-VV-szakgyujtemeny-1-870x622.jpg 870w, http:\/\/bpnyklub.hu\/bpnyklub_wp\/vvdt\/wp-content\/uploads\/sites\/86\/2023\/04\/Magyar-Katonai-Logisztikai-Egyesulet-VV-szakgyujtemeny-1-480x343.jpg 480w\" sizes=\"auto, (max-width: 954px) 100vw, 954px\" \/><\/a><\/figure>\n<\/figure>\n\n\n\n<p class=\"has-text-align-center has-light-green-cyan-background-color has-background has-medium-font-size\"><strong><a href=\"#L0\">FEL\u00dcLRE ugr\u00e1s<\/a><\/strong><\/p>\n\n\n\n<p class=\"has-background has-medium-font-size\" id=\"L3\" style=\"background-color:#f78da805\"><strong><a href=\"https:\/\/www.facebook.com\/watch\/?v=245125277761616\">L8) Szikora Mih\u00e1ly vide\u00f3ja a Szeksz\u00e1rdon szolg\u00e1ltakr\u00f3l<\/a><\/strong><br>C\u00edmsorra, vagy a k\u00e9pre kattint\u00e1ssal lehet honlapj\u00e1ra ugratni.<\/p>\n\n\n\n<figure class=\"wp-block-gallery has-nested-images columns-default is-cropped wp-block-gallery-2 is-layout-flex wp-block-gallery-is-layout-flex\">\n<figure class=\"wp-block-image size-full\"><a href=\"https:\/\/www.facebook.com\/watch\/?v=245125277761616\"><img loading=\"lazy\" decoding=\"async\" width=\"591\" height=\"834\" data-id=\"820\" src=\"https:\/\/bpnyklub.hu\/bpnyklub_wp\/vvdt\/wp-content\/uploads\/sites\/86\/2023\/04\/Szikora-videoja-Szekszardon-szolgaltakrol-alulCimer.jpg\" alt=\"\" class=\"wp-image-820\" srcset=\"http:\/\/bpnyklub.hu\/bpnyklub_wp\/vvdt\/wp-content\/uploads\/sites\/86\/2023\/04\/Szikora-videoja-Szekszardon-szolgaltakrol-alulCimer.jpg 591w, http:\/\/bpnyklub.hu\/bpnyklub_wp\/vvdt\/wp-content\/uploads\/sites\/86\/2023\/04\/Szikora-videoja-Szekszardon-szolgaltakrol-alulCimer-213x300.jpg 213w, http:\/\/bpnyklub.hu\/bpnyklub_wp\/vvdt\/wp-content\/uploads\/sites\/86\/2023\/04\/Szikora-videoja-Szekszardon-szolgaltakrol-alulCimer-480x677.jpg 480w\" sizes=\"auto, (max-width: 591px) 100vw, 591px\" \/><\/a><\/figure>\n<\/figure>\n<\/div>\n\n\n\n<p class=\"has-text-align-center has-light-green-cyan-background-color has-background has-medium-font-size\"><strong><a href=\"#L0\">FEL\u00dcLRE ugr\u00e1s<\/a><\/strong><\/p>\n\n\n\n<p class=\"has-text-align-center has-medium-font-size\" id=\"L4\"><a href=\"https:\/\/szegzard-veve2017.hu\/\">L9) <strong><strong>SZEGZ\u00c1RD<\/strong><\/strong> <strong>VETER\u00c1N VEGY\u00c9SZEK BAR\u00c1TI T\u00c1RSAS\u00c1GA<\/strong><\/a><br>C\u00edmsorra, vagy a log\u00f3ra kattint\u00e1ssal lehet honlapj\u00e1ra ugratni.<\/p>\n\n\n\n<figure class=\"wp-block-image size-full is-style-rounded\"><a href=\"https:\/\/szegzard-veve2017.hu\/\"><img loading=\"lazy\" decoding=\"async\" width=\"182\" height=\"178\" src=\"https:\/\/bpnyklub.hu\/bpnyklub_wp\/vvdt\/wp-content\/uploads\/sites\/86\/2023\/04\/Veteran-vegyeszek-barati-tarsasaga-SZEGZARD.jpg\" alt=\"\" class=\"wp-image-715\" \/><\/a><\/figure>\n<\/div>\n<\/div><\/div>\n<\/div><\/div>\n<\/div><\/div>\n\n\n\n<p class=\"has-text-align-center has-light-green-cyan-background-color has-background has-medium-font-size\"><strong><a href=\"#L0\">FEL\u00dcLRE ugr\u00e1s<\/a><\/strong><\/p>\n<\/div><\/div>\n<\/div>\n<\/div>\n<\/div>\n\n\n\n<div class=\"wp-block-group has-pale-cyan-blue-background-color has-background\"><div class=\"wp-block-group__inner-container is-layout-constrained wp-block-group-is-layout-constrained\"><\/div><\/div>\n","protected":false},"excerpt":{"rendered":"<p>FELSOROL\u00c1S (al\u00e1bbiakra kattint\u00e1ssal ugrat\u00e1s Log\u00f3ra vagy El\u0151k\u00e9pre, majd onnan az Oldal\u00e1ra)L1) Magyar Honv\u00e9ds\u00e9g Sodr\u00f3 L\u00e1szl\u00f3 102. Vegyiharc EzredL2) MH G\u00f6rgey Art\u00far Vegyiv\u00e9delmi Inform\u00e1ci\u00f3s K\u00f6zpont (GAVIK 2023-ban VIK a Sodr\u00f3 L\u00e1szl\u00f3 102. Vegyiharc Ezred r\u00e9sze)L3) NEMZETI K\u00d6ZSZOLG\u00c1LATI EGYETEM, Hadtudom\u00e1nyi \u00e9s Honv\u00e9dtisztk\u00e9pz\u0151 Kar, M\u0171veleti T\u00e1mogat\u00f3 Tansz\u00e9k, Vegyiv\u00e9delmi SzakcsoportL4) GAMMA M\u0171szaki Z\u00e1rtk\u00f6r\u0171 R\u00e9szv\u00e9nyt\u00e1rsas\u00e1gL5) PFAFF L\u00e1szl\u00f3 vegyiv\u00e9delmi \u00e9s h\u00edrad\u00e1stechnikai&#8230;<\/p>\n","protected":false},"author":1,"featured_media":0,"parent":0,"menu_order":0,"comment_status":"closed","ping_status":"closed","template":"","meta":{"footnotes":""},"class_list":["post-261","page","type-page","status-publish","hentry"],"publishpress_future_action":{"enabled":false,"date":"2026-05-16 07:52:52","action":"change-status","newStatus":"draft","terms":[],"taxonomy":"","extraData":[]},"publishpress_future_workflow_manual_trigger":{"enabledWorkflows":[]},"_links":{"self":[{"href":"http:\/\/bpnyklub.hu\/bpnyklub_wp\/vvdt\/wp-json\/wp\/v2\/pages\/261","targetHints":{"allow":["GET"]}}],"collection":[{"href":"http:\/\/bpnyklub.hu\/bpnyklub_wp\/vvdt\/wp-json\/wp\/v2\/pages"}],"about":[{"href":"http:\/\/bpnyklub.hu\/bpnyklub_wp\/vvdt\/wp-json\/wp\/v2\/types\/page"}],"author":[{"embeddable":true,"href":"http:\/\/bpnyklub.hu\/bpnyklub_wp\/vvdt\/wp-json\/wp\/v2\/users\/1"}],"replies":[{"embeddable":true,"href":"http:\/\/bpnyklub.hu\/bpnyklub_wp\/vvdt\/wp-json\/wp\/v2\/comments?post=261"}],"version-history":[{"count":21,"href":"http:\/\/bpnyklub.hu\/bpnyklub_wp\/vvdt\/wp-json\/wp\/v2\/pages\/261\/revisions"}],"predecessor-version":[{"id":1775,"href":"http:\/\/bpnyklub.hu\/bpnyklub_wp\/vvdt\/wp-json\/wp\/v2\/pages\/261\/revisions\/1775"}],"wp:attachment":[{"href":"http:\/\/bpnyklub.hu\/bpnyklub_wp\/vvdt\/wp-json\/wp\/v2\/media?parent=261"}],"curies":[{"name":"wp","href":"https:\/\/api.w.org\/{rel}","templated":true}]}}